{"id":277,"date":"2021-04-16T09:44:15","date_gmt":"2021-04-16T09:44:15","guid":{"rendered":"https:\/\/syndicatelegal.com\/?page_id=277"},"modified":"2021-05-21T00:44:21","modified_gmt":"2021-05-21T00:44:21","slug":"about","status":"publish","type":"page","link":"https:\/\/syndicatelegal.com\/es\/about\/","title":{"rendered":"Descripci\u00f3n"},"content":{"rendered":"<div class=\"wpb-content-wrapper\"><div class=\"vc_row wpb_row vc_row-fluid practice-areas-page\"><div class=\"wpb_column vc_column_container vc_col-sm-12\"><div class=\"vc_column-inner\"><div class=\"wpb_wrapper\">\n\t<div class=\"wpb_text_column wpb_content_element vc_custom_1619283021505\" >\n\t\t<div class=\"wpb_wrapper\">\n\t\t\t<h2>Bienvenido al Sindicato Legal<\/h2>\n\n\t\t<\/div>\n\t<\/div>\n<div class=\"vc_separator wpb_content_element vc_separator_align_center vc_sep_width_10 vc_sep_border_width_2 vc_sep_pos_align_left vc_separator_no_text\" ><span class=\"vc_sep_holder vc_sep_holder_l\"><span style=\"border-color:#ffa300;\" class=\"vc_sep_line\"><\/span><\/span><span class=\"vc_sep_holder vc_sep_holder_r\"><span style=\"border-color:#ffa300;\" class=\"vc_sep_line\"><\/span><\/span>\n<\/div>\n\t<div class=\"wpb_text_column wpb_content_element vc_custom_1619283128828 sb-heading-inner-page\" >\n\t\t<div class=\"wpb_wrapper\">\n\t\t\t<p>Sindicato Legal es Woodland Hills&#039; top rated firma de la ley para el manejo de la lesi\u00f3n en accidente de coche de los casos y tambi\u00e9n de los consumidores de la ley de bancarrota. Siempre ofrecemos consultas GRATIS, SIN CUOTA de GARANT\u00cdA para nuestros accidente de coche a los clientes, y una garant\u00eda de devoluci\u00f3n de DINERO,para nuestros clientes de bancarrota. Siempre van a hablar a un top-rated abogado y salimos de nuestra manera de responder a las llamadas y de retorno de los correos de voz de inmediato. Hacemos nuestro mejor esfuerzo para satisfacer a los clientes los fines de semana y las tardes en situaciones de emergencia. Llame hoy mismo al <a href=\"tel:8182935291\">818-293-5291<\/a>.<\/p>\n<p>Los Accidentes de coche: Si usted o alguien que usted conoce ha sido lesionado en un accidente de coche que fue culpa de alguien m\u00e1s, nos puede ayudar con el tratamiento m\u00e9dico y tener su coche reparado en ning\u00fan costo por adelantado para usted. No cobramos dinero por adelantado a menos que su caso sea resuelto! No pague por otra persona por error. Nuestro &#034;no-cuota de garant\u00eda&#034; significa que si no ganamos, no nos pagan!<\/p>\n<p>Quiebra: Somos una calificado de Alivio de la Deuda de la Agencia de la presentaci\u00f3n del Cap\u00edtulo 7 y el Cap\u00edtulo 13 quiebras bajo el C\u00f3digo de Bancarrota para las personas que residen en Los \u00c1ngeles, Ventura, Orange y Riverside. Como nuestro cliente, nos tomamos el tiempo para escuchar a usted, a educar a usted sobre el proceso, proporcionar opciones, y mantenga su mano a lo largo del camino. Tomamos el estr\u00e9s de su situaci\u00f3n estresante, de modo que usted puede centrarse en la reconstrucci\u00f3n de sus finanzas y las puntuaciones de cr\u00e9dito r\u00e1pidamente.<\/p>\n<p>Creemos que la contrataci\u00f3n de un bufete de abogados debe ser una experiencia agradable, y no intimidante uno. Ll\u00e1menos en cualquier momento para hablar directamente con un abogado. A diferencia de otras firmas de abogados que est\u00e1n abiertos s\u00f3lo durante el tradicional horario de trabajo, dada la naturaleza de los accidentes de tr\u00e1fico y temas de bancarrota, vamos a hacer nuestro mejor esfuerzo para dar cabida a la reuni\u00f3n noches, fines de semana y festivos. Nuestra consulta inicial es GRATIS para los nuevos accidente de coche y los nuevos casos de bancarrota. Estamos con fluidez en espa\u00f1ol y en Farsi para satisfacer sus necesidades.<\/p>\n<p>Nuestra oficina principal se encuentra en Woodland Hills, California, y servimos a clientes en todo el Estado de California. \u00c1reas de servicio incluyen: Ventura \u2013 Oxnard, Santa Paula, Carpinteria, Camarillo y sus alrededores; el Valle de San Fernando \u2013 Woodland Hills, Canoga Park, Northridge, Pacoima, Sylmar, Van Nuys y sus alrededores; Antelope Valley en Lancaster, Santa Clarita, Lancaster y sus alrededores; Los \u00c1ngeles \u2013 todas las \u00e1reas; Condado de Orange \u2013 Santa Ana, Costa Mesa, Anaheim, Tustin y sus alrededores.<\/p>\n<p><strong>*Garant\u00eda de devoluci\u00f3n de dinero: pregunte por los detalles. <a href=\"http:\/\/www.thumbtack.com\/Bankruptcy-Attorney-Available-When-You-Are-Woodland-Hills-CA\/service\/588118\" target=\"_blank\" rel=\"noopener\">Abogado De Bancarrota Disponibles Cuando Usted Est\u00e1!<\/a><\/strong><\/p>\n\n\t\t<\/div>\n\t<\/div>\n<div class=\"vc_row wpb_row vc_inner vc_row-fluid vc_custom_1619284515874\"><div class=\"wpb_column vc_column_container vc_col-sm-6\"><div class=\"vc_column-inner\"><div class=\"wpb_wrapper\">\n\t<div class=\"wpb_video_widget wpb_content_element vc_clearfix vc_video-aspect-ratio-169 vc_video-el-width-100 vc_video-align-left\" >\n\t\t<div class=\"wpb_wrapper\">\n\t\t\t<h2 class=\"wpb_heading wpb_video_heading\">Quiebra - Eliminar la Deuda y la Reparaci\u00f3n de Su Cr\u00e9dito<\/h2>\n\t\t\t<div class=\"wpb_video_wrapper\"><div class=\"wd-video-poster-wrapper\"><div class=\"wd-video-poster\" style=\"background-image:url(https:\/\/syndicatelegal.com\/wp-content\/uploads\/2021\/04\/vid-poster-min.jpg)\";><\/div><div class=\"button-play\"><\/div><\/div><iframe loading=\"lazy\" title=\"Quiebra - Eliminar la Deuda y la Reparaci\u00f3n de Su Cr\u00e9dito\" width=\"500\" height=\"281\" src=\"https:\/\/www.youtube.com\/embed\/gVk4KrOFgwY?feature=oembed\" frameborder=\"0\" allow=\"accelerometer; autoplay; clipboard-write; encrypted-media; gyroscope; picture-in-picture; web-share\" referrerpolicy=\"strict-origin-when-cross-origin\" allowfullscreen><\/iframe><\/div>\n\t\t<\/div>\n\t<\/div>\n<\/div><\/div><\/div><div class=\"wpb_column vc_column_container vc_col-sm-6\"><div class=\"vc_column-inner\"><div class=\"wpb_wrapper\">\n\t<div class=\"wpb_video_widget wpb_content_element vc_clearfix vc_video-aspect-ratio-169 vc_video-el-width-100 vc_video-align-left\" >\n\t\t<div class=\"wpb_wrapper\">\n\t\t\t<h2 class=\"wpb_heading wpb_video_heading\">Abogados De Accidentes De Auto - Woodland Hills, California<\/h2>\n\t\t\t<div class=\"wpb_video_wrapper\"><div class=\"wd-video-poster-wrapper\"><div class=\"wd-video-poster\" style=\"background-image:url(https:\/\/syndicatelegal.com\/wp-content\/uploads\/2021\/04\/poster-2-min.jpg)\";><\/div><div class=\"button-play\"><\/div><\/div><iframe loading=\"lazy\" title=\"Abogados De Accidentes De Auto - Woodland Hills, California\" width=\"500\" height=\"281\" src=\"https:\/\/www.youtube.com\/embed\/dD5CXh0PIUY?feature=oembed\" frameborder=\"0\" allow=\"accelerometer; autoplay; clipboard-write; encrypted-media; gyroscope; picture-in-picture; web-share\" referrerpolicy=\"strict-origin-when-cross-origin\" allowfullscreen><\/iframe><\/div>\n\t\t<\/div>\n\t<\/div>\n<\/div><\/div><\/div><\/div><div class=\"vc_row wpb_row vc_inner vc_row-fluid\"><div class=\"wpb_column vc_column_container vc_col-sm-6\"><div class=\"vc_column-inner\"><div class=\"wpb_wrapper\">\n\t<div class=\"wpb_video_widget wpb_content_element vc_clearfix vc_video-aspect-ratio-169 vc_video-el-width-100 vc_video-align-left\" >\n\t\t<div class=\"wpb_wrapper\">\n\t\t\t<h2 class=\"wpb_heading wpb_video_heading\">Bancarrota - Elimine Deudas Y Repare Su Cr\u00e9dito!<\/h2>\n\t\t\t<div class=\"wpb_video_wrapper\"><div class=\"wd-video-poster-wrapper\"><div class=\"wd-video-poster\" style=\"background-image:url(https:\/\/syndicatelegal.com\/wp-content\/uploads\/2021\/04\/vid-poster-min.jpg)\";><\/div><div class=\"button-play\"><\/div><\/div><iframe loading=\"lazy\" title=\"Bancarrota - Elimine Deudas Y Repare Su Cr\u00e9dito!\" width=\"500\" height=\"281\" src=\"https:\/\/www.youtube.com\/embed\/KHBQE5Zi3NM?feature=oembed\" frameborder=\"0\" allow=\"accelerometer; autoplay; clipboard-write; encrypted-media; gyroscope; picture-in-picture; web-share\" referrerpolicy=\"strict-origin-when-cross-origin\" allowfullscreen><\/iframe><\/div>\n\t\t<\/div>\n\t<\/div>\n<\/div><\/div><\/div><div class=\"wpb_column vc_column_container vc_col-sm-6\"><div class=\"vc_column-inner\"><div class=\"wpb_wrapper\">\n\t<div class=\"wpb_video_widget wpb_content_element vc_clearfix vc_video-aspect-ratio-169 vc_video-el-width-100 vc_video-align-left\" >\n\t\t<div class=\"wpb_wrapper\">\n\t\t\t<h2 class=\"wpb_heading wpb_video_heading\">Abogado de Accidentes de Woodland Hills, California<\/h2>\n\t\t\t<div class=\"wpb_video_wrapper\"><div class=\"wd-video-poster-wrapper\"><div class=\"wd-video-poster\" style=\"background-image:url(https:\/\/syndicatelegal.com\/wp-content\/uploads\/2021\/04\/poster-2-min.jpg)\";><\/div><div class=\"button-play\"><\/div><\/div><iframe loading=\"lazy\" title=\"Abogado de Accidentes de Woodland Hills, California\" width=\"500\" height=\"281\" src=\"https:\/\/www.youtube.com\/embed\/xiXT5Av3Kxw?feature=oembed\" frameborder=\"0\" allow=\"accelerometer; autoplay; clipboard-write; encrypted-media; gyroscope; picture-in-picture; web-share\" referrerpolicy=\"strict-origin-when-cross-origin\" allowfullscreen><\/iframe><\/div>\n\t\t<\/div>\n\t<\/div>\n<\/div><\/div><\/div><\/div><\/div><\/div><\/div><\/div>\n<\/div>","protected":false},"excerpt":{"rendered":"Welcome to Syndicate Legal Syndicate Legal is Woodland Hills\u2019 top rated law firm for handling car accident injury cases and","protected":false},"author":1,"featured_media":0,"parent":0,"menu_order":0,"comment_status":"closed","ping_status":"closed","template":"","meta":{"nf_dc_page":"","footnotes":""},"class_list":["post-277","page","type-page","status-publish","hentry"],"yoast_head":"<!-- This site is optimized with the Yoast SEO plugin v27.6 - https:\/\/yoast.com\/product\/yoast-seo-wordpress\/ -->\n<title>Overview - Bankruptcy Attorney | Car Accident Attorney | Woodland Hills Los Angeles | Syndicate Legal<\/title>\n<meta name=\"robots\" content=\"index, follow, max-snippet:-1, max-image-preview:large, max-video-preview:-1\" \/>\n<link rel=\"canonical\" href=\"https:\/\/syndicatelegal.com\/es\/about\/\" \/>\n<meta property=\"og:locale\" content=\"es_MX\" \/>\n<meta property=\"og:type\" content=\"article\" \/>\n<meta property=\"og:title\" content=\"Overview - Bankruptcy Attorney | Car Accident Attorney | Woodland Hills Los Angeles | Syndicate Legal\" \/>\n<meta property=\"og:url\" content=\"https:\/\/syndicatelegal.com\/es\/about\/\" \/>\n<meta property=\"og:site_name\" content=\"Bankruptcy Attorney | Car Accident Attorney | Woodland Hills Los Angeles | Syndicate Legal\" \/>\n<meta property=\"article:publisher\" content=\"https:\/\/www.facebook.com\/syndicatelegal\" \/>\n<meta property=\"article:modified_time\" content=\"2021-05-21T00:44:21+00:00\" \/>\n<meta name=\"twitter:card\" content=\"summary_large_image\" \/>\n<meta name=\"twitter:site\" content=\"@syndicatelegal\" \/>\n<meta name=\"twitter:label1\" content=\"Tiempo de lectura\" \/>\n\t<meta name=\"twitter:data1\" content=\"3 minutos\" \/>\n<script type=\"application\/ld+json\" class=\"yoast-schema-graph\">{\"@context\":\"https:\\\/\\\/schema.org\",\"@graph\":[{\"@type\":\"WebPage\",\"@id\":\"https:\\\/\\\/syndicatelegal.com\\\/about\\\/\",\"url\":\"https:\\\/\\\/syndicatelegal.com\\\/about\\\/\",\"name\":\"Overview - Bankruptcy Attorney | Car Accident Attorney | Woodland Hills Los Angeles | Syndicate Legal\",\"isPartOf\":{\"@id\":\"https:\\\/\\\/syndicatelegal.com\\\/#website\"},\"datePublished\":\"2021-04-16T09:44:15+00:00\",\"dateModified\":\"2021-05-21T00:44:21+00:00\",\"breadcrumb\":{\"@id\":\"https:\\\/\\\/syndicatelegal.com\\\/about\\\/#breadcrumb\"},\"inLanguage\":\"es\",\"potentialAction\":[{\"@type\":\"ReadAction\",\"target\":[\"https:\\\/\\\/syndicatelegal.com\\\/about\\\/\"]}]},{\"@type\":\"BreadcrumbList\",\"@id\":\"https:\\\/\\\/syndicatelegal.com\\\/about\\\/#breadcrumb\",\"itemListElement\":[{\"@type\":\"ListItem\",\"position\":1,\"name\":\"Home\",\"item\":\"https:\\\/\\\/syndicatelegal.com\\\/\"},{\"@type\":\"ListItem\",\"position\":2,\"name\":\"Overview\"}]},{\"@type\":\"WebSite\",\"@id\":\"https:\\\/\\\/syndicatelegal.com\\\/#website\",\"url\":\"https:\\\/\\\/syndicatelegal.com\\\/\",\"name\":\"Bankruptcy Attorney | Car Accident Attorney | Woodland Hills Los Angeles | Syndicate Legal\",\"description\":\"\",\"publisher\":{\"@id\":\"https:\\\/\\\/syndicatelegal.com\\\/#organization\"},\"potentialAction\":[{\"@type\":\"SearchAction\",\"target\":{\"@type\":\"EntryPoint\",\"urlTemplate\":\"https:\\\/\\\/syndicatelegal.com\\\/?s={search_term_string}\"},\"query-input\":{\"@type\":\"PropertyValueSpecification\",\"valueRequired\":true,\"valueName\":\"search_term_string\"}}],\"inLanguage\":\"es\"},{\"@type\":\"Organization\",\"@id\":\"https:\\\/\\\/syndicatelegal.com\\\/#organization\",\"name\":\"Syndicatelegal\",\"url\":\"https:\\\/\\\/syndicatelegal.com\\\/\",\"logo\":{\"@type\":\"ImageObject\",\"inLanguage\":\"es\",\"@id\":\"https:\\\/\\\/syndicatelegal.com\\\/#\\\/schema\\\/logo\\\/image\\\/\",\"url\":\"https:\\\/\\\/syndicatelegal.com\\\/wp-content\\\/uploads\\\/2021\\\/07\\\/main-log.png\",\"contentUrl\":\"https:\\\/\\\/syndicatelegal.com\\\/wp-content\\\/uploads\\\/2021\\\/07\\\/main-log.png\",\"width\":300,\"height\":46,\"caption\":\"Syndicatelegal\"},\"image\":{\"@id\":\"https:\\\/\\\/syndicatelegal.com\\\/#\\\/schema\\\/logo\\\/image\\\/\"},\"sameAs\":[\"https:\\\/\\\/www.facebook.com\\\/syndicatelegal\",\"https:\\\/\\\/x.com\\\/syndicatelegal\",\"https:\\\/\\\/www.instagram.com\\\/syndicatelegal\\\/\",\"https:\\\/\\\/www.linkedin.com\\\/in\\\/bhartia\\\/\",\"https:\\\/\\\/www.youtube.com\\\/c\\\/ABhartia\"]}]}<\/script>\n<!-- \/ Yoast SEO plugin. -->","yoast_head_json":{"title":"Overview - Bankruptcy Attorney | Car Accident Attorney | Woodland Hills Los Angeles | Syndicate Legal","robots":{"index":"index","follow":"follow","max-snippet":"max-snippet:-1","max-image-preview":"max-image-preview:large","max-video-preview":"max-video-preview:-1"},"canonical":"https:\/\/syndicatelegal.com\/es\/about\/","og_locale":"es_MX","og_type":"article","og_title":"Overview - Bankruptcy Attorney | Car Accident Attorney | Woodland Hills Los Angeles | Syndicate Legal","og_url":"https:\/\/syndicatelegal.com\/es\/about\/","og_site_name":"Bankruptcy Attorney | Car Accident Attorney | Woodland Hills Los Angeles | Syndicate Legal","article_publisher":"https:\/\/www.facebook.com\/syndicatelegal","article_modified_time":"2021-05-21T00:44:21+00:00","twitter_card":"summary_large_image","twitter_site":"@syndicatelegal","twitter_misc":{"Tiempo de lectura":"3 minutos"},"schema":{"@context":"https:\/\/schema.org","@graph":[{"@type":"WebPage","@id":"https:\/\/syndicatelegal.com\/about\/","url":"https:\/\/syndicatelegal.com\/about\/","name":"Overview - Bankruptcy Attorney | Car Accident Attorney | Woodland Hills Los Angeles | Syndicate Legal","isPartOf":{"@id":"https:\/\/syndicatelegal.com\/#website"},"datePublished":"2021-04-16T09:44:15+00:00","dateModified":"2021-05-21T00:44:21+00:00","breadcrumb":{"@id":"https:\/\/syndicatelegal.com\/about\/#breadcrumb"},"inLanguage":"es","potentialAction":[{"@type":"ReadAction","target":["https:\/\/syndicatelegal.com\/about\/"]}]},{"@type":"BreadcrumbList","@id":"https:\/\/syndicatelegal.com\/about\/#breadcrumb","itemListElement":[{"@type":"ListItem","position":1,"name":"Home","item":"https:\/\/syndicatelegal.com\/"},{"@type":"ListItem","position":2,"name":"Overview"}]},{"@type":"WebSite","@id":"https:\/\/syndicatelegal.com\/#website","url":"https:\/\/syndicatelegal.com\/","name":"Bankruptcy Attorney | Car Accident Attorney | Woodland Hills Los Angeles | Syndicate Legal","description":"","publisher":{"@id":"https:\/\/syndicatelegal.com\/#organization"},"potentialAction":[{"@type":"SearchAction","target":{"@type":"EntryPoint","urlTemplate":"https:\/\/syndicatelegal.com\/?s={search_term_string}"},"query-input":{"@type":"PropertyValueSpecification","valueRequired":true,"valueName":"search_term_string"}}],"inLanguage":"es"},{"@type":"Organization","@id":"https:\/\/syndicatelegal.com\/#organization","name":"Syndicatelegal","url":"https:\/\/syndicatelegal.com\/","logo":{"@type":"ImageObject","inLanguage":"es","@id":"https:\/\/syndicatelegal.com\/#\/schema\/logo\/image\/","url":"https:\/\/syndicatelegal.com\/wp-content\/uploads\/2021\/07\/main-log.png","contentUrl":"https:\/\/syndicatelegal.com\/wp-content\/uploads\/2021\/07\/main-log.png","width":300,"height":46,"caption":"Syndicatelegal"},"image":{"@id":"https:\/\/syndicatelegal.com\/#\/schema\/logo\/image\/"},"sameAs":["https:\/\/www.facebook.com\/syndicatelegal","https:\/\/x.com\/syndicatelegal","https:\/\/www.instagram.com\/syndicatelegal\/","https:\/\/www.linkedin.com\/in\/bhartia\/","https:\/\/www.youtube.com\/c\/ABhartia"]}]}},"_links":{"self":[{"href":"https:\/\/syndicatelegal.com\/es\/wp-json\/wp\/v2\/pages\/277","targetHints":{"allow":["GET"]}}],"collection":[{"href":"https:\/\/syndicatelegal.com\/es\/wp-json\/wp\/v2\/pages"}],"about":[{"href":"https:\/\/syndicatelegal.com\/es\/wp-json\/wp\/v2\/types\/page"}],"author":[{"embeddable":true,"href":"https:\/\/syndicatelegal.com\/es\/wp-json\/wp\/v2\/users\/1"}],"replies":[{"embeddable":true,"href":"https:\/\/syndicatelegal.com\/es\/wp-json\/wp\/v2\/comments?post=277"}],"version-history":[{"count":0,"href":"https:\/\/syndicatelegal.com\/es\/wp-json\/wp\/v2\/pages\/277\/revisions"}],"wp:attachment":[{"href":"https:\/\/syndicatelegal.com\/es\/wp-json\/wp\/v2\/media?parent=277"}],"curies":[{"name":"wp","href":"https:\/\/api.w.org\/{rel}","templated":true}]}}