{"id":317,"date":"2021-04-16T11:48:10","date_gmt":"2021-04-16T11:48:10","guid":{"rendered":"https:\/\/syndicatelegal.com\/?page_id=317"},"modified":"2021-07-22T18:32:03","modified_gmt":"2021-07-22T18:32:03","slug":"motor-vehicle-accidents","status":"publish","type":"page","link":"https:\/\/syndicatelegal.com\/es\/motor-vehicle-accidents\/","title":{"rendered":"Accidentes De Veh\u00edculos De Motor"},"content":{"rendered":"<div class=\"wpb-content-wrapper\"><div class=\"vc_row wpb_row vc_row-fluid practice-areas-page\"><div class=\"wpb_column vc_column_container vc_col-sm-12\"><div class=\"vc_column-inner\"><div class=\"wpb_wrapper\">\n\t<div class=\"wpb_text_column wpb_content_element vc_custom_1619281039310\" >\n\t\t<div class=\"wpb_wrapper\">\n\t\t\t<h2>Experimentado Abogado de Accidentes de Veh\u00edculos de Motor en Woodland Hills<\/h2>\n\n\t\t<\/div>\n\t<\/div>\n<div class=\"vc_separator wpb_content_element vc_separator_align_center vc_sep_width_10 vc_sep_border_width_2 vc_sep_pos_align_left vc_separator_no_text\" ><span class=\"vc_sep_holder vc_sep_holder_l\"><span style=\"border-color:#ffa300;\" class=\"vc_sep_line\"><\/span><\/span><span class=\"vc_sep_holder vc_sep_holder_r\"><span style=\"border-color:#ffa300;\" class=\"vc_sep_line\"><\/span><\/span>\n<\/div>\n\t<div class=\"wpb_text_column wpb_content_element vc_custom_1619281060405 sb-heading-inner-page\" >\n\t\t<div class=\"wpb_wrapper\">\n\t\t\t<h2>&#034;NO PAGAR POR LOS ERRORES DE OTRAS PERSONAS&#034;<\/h2>\n\n\t\t<\/div>\n\t<\/div>\n\n\t<div class=\"wpb_text_column wpb_content_element\" >\n\t\t<div class=\"wpb_wrapper\">\n\t\t\t<p>Cada d\u00eda en Los \u00c1ngeles, miles de miles de idiotas irresponsables conductores est\u00e1n poniendo en peligro su seguridad. Fueron golpeados por alg\u00fan idiota que pensaba que el env\u00edo de un mensaje de texto al intentar unidad era m\u00e1s importante que su seguridad? O tal vez fueron heridos por alg\u00fan imb\u00e9cil que pensaban que hablar por su tel\u00e9fono celular fue m\u00e1s importante que la salud y el bienestar de usted y de su familia. O mi favorito personal, el conductor que poner malabares con un caf\u00e9 en una mano, un cigarrillo en la otra, y un equipo tablet pc en su regazo, por delante de su vida.<\/p>\n<p>Creemos que debe haber una tolerancia cero para estos tipos de estos imprudente personas que coloque su placer personal y el descuido sobre el bienestar, la seguridad y la vida de usted, sus hijos y el resto de su familia. Usted no deber\u00eda tener que pagar para que alguien m\u00e1s la negligencia, la imprudencia, y los errores. Si usted ha estado involucrado en un accidente de coche, podemos ayudar a asegurar que estas personas compensar el da\u00f1o que he causado a ambos de su propiedad y lo que es m\u00e1s importante, su salud.<\/p>\n<p>A CERO frente al coste para usted, nosotros le podemos ayudar con la obtenci\u00f3n de tratamiento m\u00e9dico para sus lesiones, ha compensado por sus da\u00f1os en el veh\u00edculo, el dolor emocional y el agravamiento de su accidente, p\u00e9rdida de ingresos, y el permanente e incapacidad temporal.<\/p>\n<p>Nuestros ninguna cuota de garant\u00eda significa que si no ganamos o resolver su caso, usted no tendr\u00e1 que pagar por nuestros servicios jur\u00eddicos. \u00bfQu\u00e9 significa eso? Si no ganamos, no paga!<\/p>\n<p><strong>Para su comodidad le ofrecemos:<\/strong><\/p>\n<ul>\n<li>sin seguro de salud? no hay problema. vamos a configurar nuestra red de proveedores de servicios m\u00e9dicos sin costo para usted.<\/li>\n<li>sin cargo adicional, vamos a coordinar y negociar el tener su coche reparado o reemplazado<\/li>\n<li>en el hogar y las visitas al hospital cuando sea necesario<\/li>\n<li>fin de semana y citas por la noche<\/li>\n<li>casos se realizan sobre una base de contingencia: s\u00f3lo se les paga cuando le pagan!<\/li>\n<\/ul>\n\n\t\t<\/div>\n\t<\/div>\n\n\t<div class=\"wpb_text_column wpb_content_element vc_custom_1619281167060\" >\n\t\t<div class=\"wpb_wrapper\">\n\t\t\t<p style=\"text-align: center;\"><strong>Nunca pagar una tarifa para hablar con un abogado. CONSULTAS GRATIS!<\/strong><br \/>\n<strong>Llame las 24 horas del d\u00eda, los 7 d\u00edas de la semana por Accidentes de Veh\u00edculos de Motor.<\/strong><br \/>\n<strong>DISPONIBLE 24\/7, los 365 d\u00edas del a\u00f1o por Accidentes de Veh\u00edculos de Motor.<\/strong><br \/>\n<strong>Llame ahora \u2013 <a href=\"tel:1-8885526272\">1-888-552-6272<\/a><\/strong><\/p>\n\n\t\t<\/div>\n\t<\/div>\n<\/div><\/div><\/div><\/div>\n<\/div>","protected":false},"excerpt":{"rendered":"Experienced Attorney for Motor Vehicle Accidents in Woodland Hills \u201cDON\u2019T PAY FOR OTHER PEOPLE\u2019S MISTAKES\u201c Every day in Los Angeles,","protected":false},"author":1,"featured_media":0,"parent":0,"menu_order":0,"comment_status":"closed","ping_status":"closed","template":"","meta":{"nf_dc_page":"","footnotes":""},"class_list":["post-317","page","type-page","status-publish","hentry"],"yoast_head":"<!-- This site is optimized with the Yoast SEO plugin v27.4 - https:\/\/yoast.com\/product\/yoast-seo-wordpress\/ -->\n<title>Motor Vehicle Accidents - Bankruptcy Attorney | Car Accident Attorney | Woodland Hills Los Angeles | Syndicate Legal<\/title>\n<meta name=\"robots\" content=\"index, follow, max-snippet:-1, max-image-preview:large, max-video-preview:-1\" \/>\n<link rel=\"canonical\" href=\"https:\/\/syndicatelegal.com\/es\/motor-vehicle-accidents\/\" \/>\n<meta property=\"og:locale\" content=\"es_MX\" \/>\n<meta property=\"og:type\" content=\"article\" \/>\n<meta property=\"og:title\" content=\"Motor Vehicle Accidents - Bankruptcy Attorney | Car Accident Attorney | Woodland Hills Los Angeles | Syndicate Legal\" \/>\n<meta property=\"og:url\" content=\"https:\/\/syndicatelegal.com\/es\/motor-vehicle-accidents\/\" \/>\n<meta property=\"og:site_name\" content=\"Bankruptcy Attorney | Car Accident Attorney | Woodland Hills Los Angeles | Syndicate Legal\" \/>\n<meta property=\"article:publisher\" content=\"https:\/\/www.facebook.com\/syndicatelegal\" \/>\n<meta property=\"article:modified_time\" content=\"2021-07-22T18:32:03+00:00\" \/>\n<meta name=\"twitter:card\" content=\"summary_large_image\" \/>\n<meta name=\"twitter:site\" content=\"@syndicatelegal\" \/>\n<meta name=\"twitter:label1\" content=\"Tiempo de lectura\" \/>\n\t<meta name=\"twitter:data1\" content=\"2 minutos\" \/>\n<script type=\"application\/ld+json\" class=\"yoast-schema-graph\">{\"@context\":\"https:\\\/\\\/schema.org\",\"@graph\":[{\"@type\":\"WebPage\",\"@id\":\"https:\\\/\\\/syndicatelegal.com\\\/motor-vehicle-accidents\\\/\",\"url\":\"https:\\\/\\\/syndicatelegal.com\\\/motor-vehicle-accidents\\\/\",\"name\":\"Motor Vehicle Accidents - Bankruptcy Attorney | Car Accident Attorney | Woodland Hills Los Angeles | Syndicate Legal\",\"isPartOf\":{\"@id\":\"https:\\\/\\\/syndicatelegal.com\\\/#website\"},\"datePublished\":\"2021-04-16T11:48:10+00:00\",\"dateModified\":\"2021-07-22T18:32:03+00:00\",\"breadcrumb\":{\"@id\":\"https:\\\/\\\/syndicatelegal.com\\\/motor-vehicle-accidents\\\/#breadcrumb\"},\"inLanguage\":\"es\",\"potentialAction\":[{\"@type\":\"ReadAction\",\"target\":[\"https:\\\/\\\/syndicatelegal.com\\\/motor-vehicle-accidents\\\/\"]}]},{\"@type\":\"BreadcrumbList\",\"@id\":\"https:\\\/\\\/syndicatelegal.com\\\/motor-vehicle-accidents\\\/#breadcrumb\",\"itemListElement\":[{\"@type\":\"ListItem\",\"position\":1,\"name\":\"Home\",\"item\":\"https:\\\/\\\/syndicatelegal.com\\\/\"},{\"@type\":\"ListItem\",\"position\":2,\"name\":\"Motor Vehicle Accidents\"}]},{\"@type\":\"WebSite\",\"@id\":\"https:\\\/\\\/syndicatelegal.com\\\/#website\",\"url\":\"https:\\\/\\\/syndicatelegal.com\\\/\",\"name\":\"Bankruptcy Attorney | Car Accident Attorney | Woodland Hills Los Angeles | Syndicate Legal\",\"description\":\"\",\"publisher\":{\"@id\":\"https:\\\/\\\/syndicatelegal.com\\\/#organization\"},\"potentialAction\":[{\"@type\":\"SearchAction\",\"target\":{\"@type\":\"EntryPoint\",\"urlTemplate\":\"https:\\\/\\\/syndicatelegal.com\\\/?s={search_term_string}\"},\"query-input\":{\"@type\":\"PropertyValueSpecification\",\"valueRequired\":true,\"valueName\":\"search_term_string\"}}],\"inLanguage\":\"es\"},{\"@type\":\"Organization\",\"@id\":\"https:\\\/\\\/syndicatelegal.com\\\/#organization\",\"name\":\"Syndicatelegal\",\"url\":\"https:\\\/\\\/syndicatelegal.com\\\/\",\"logo\":{\"@type\":\"ImageObject\",\"inLanguage\":\"es\",\"@id\":\"https:\\\/\\\/syndicatelegal.com\\\/#\\\/schema\\\/logo\\\/image\\\/\",\"url\":\"https:\\\/\\\/syndicatelegal.com\\\/wp-content\\\/uploads\\\/2021\\\/07\\\/main-log.png\",\"contentUrl\":\"https:\\\/\\\/syndicatelegal.com\\\/wp-content\\\/uploads\\\/2021\\\/07\\\/main-log.png\",\"width\":300,\"height\":46,\"caption\":\"Syndicatelegal\"},\"image\":{\"@id\":\"https:\\\/\\\/syndicatelegal.com\\\/#\\\/schema\\\/logo\\\/image\\\/\"},\"sameAs\":[\"https:\\\/\\\/www.facebook.com\\\/syndicatelegal\",\"https:\\\/\\\/x.com\\\/syndicatelegal\",\"https:\\\/\\\/www.instagram.com\\\/syndicatelegal\\\/\",\"https:\\\/\\\/www.linkedin.com\\\/in\\\/bhartia\\\/\",\"https:\\\/\\\/www.youtube.com\\\/c\\\/ABhartia\"]}]}<\/script>\n<!-- \/ Yoast SEO plugin. -->","yoast_head_json":{"title":"Motor Vehicle Accidents - Bankruptcy Attorney | Car Accident Attorney | Woodland Hills Los Angeles | Syndicate Legal","robots":{"index":"index","follow":"follow","max-snippet":"max-snippet:-1","max-image-preview":"max-image-preview:large","max-video-preview":"max-video-preview:-1"},"canonical":"https:\/\/syndicatelegal.com\/es\/motor-vehicle-accidents\/","og_locale":"es_MX","og_type":"article","og_title":"Motor Vehicle Accidents - Bankruptcy Attorney | Car Accident Attorney | Woodland Hills Los Angeles | Syndicate Legal","og_url":"https:\/\/syndicatelegal.com\/es\/motor-vehicle-accidents\/","og_site_name":"Bankruptcy Attorney | Car Accident Attorney | Woodland Hills Los Angeles | Syndicate Legal","article_publisher":"https:\/\/www.facebook.com\/syndicatelegal","article_modified_time":"2021-07-22T18:32:03+00:00","twitter_card":"summary_large_image","twitter_site":"@syndicatelegal","twitter_misc":{"Tiempo de lectura":"2 minutos"},"schema":{"@context":"https:\/\/schema.org","@graph":[{"@type":"WebPage","@id":"https:\/\/syndicatelegal.com\/motor-vehicle-accidents\/","url":"https:\/\/syndicatelegal.com\/motor-vehicle-accidents\/","name":"Motor Vehicle Accidents - Bankruptcy Attorney | Car Accident Attorney | Woodland Hills Los Angeles | Syndicate Legal","isPartOf":{"@id":"https:\/\/syndicatelegal.com\/#website"},"datePublished":"2021-04-16T11:48:10+00:00","dateModified":"2021-07-22T18:32:03+00:00","breadcrumb":{"@id":"https:\/\/syndicatelegal.com\/motor-vehicle-accidents\/#breadcrumb"},"inLanguage":"es","potentialAction":[{"@type":"ReadAction","target":["https:\/\/syndicatelegal.com\/motor-vehicle-accidents\/"]}]},{"@type":"BreadcrumbList","@id":"https:\/\/syndicatelegal.com\/motor-vehicle-accidents\/#breadcrumb","itemListElement":[{"@type":"ListItem","position":1,"name":"Home","item":"https:\/\/syndicatelegal.com\/"},{"@type":"ListItem","position":2,"name":"Motor Vehicle Accidents"}]},{"@type":"WebSite","@id":"https:\/\/syndicatelegal.com\/#website","url":"https:\/\/syndicatelegal.com\/","name":"Bankruptcy Attorney | Car Accident Attorney | Woodland Hills Los Angeles | Syndicate Legal","description":"","publisher":{"@id":"https:\/\/syndicatelegal.com\/#organization"},"potentialAction":[{"@type":"SearchAction","target":{"@type":"EntryPoint","urlTemplate":"https:\/\/syndicatelegal.com\/?s={search_term_string}"},"query-input":{"@type":"PropertyValueSpecification","valueRequired":true,"valueName":"search_term_string"}}],"inLanguage":"es"},{"@type":"Organization","@id":"https:\/\/syndicatelegal.com\/#organization","name":"Syndicatelegal","url":"https:\/\/syndicatelegal.com\/","logo":{"@type":"ImageObject","inLanguage":"es","@id":"https:\/\/syndicatelegal.com\/#\/schema\/logo\/image\/","url":"https:\/\/syndicatelegal.com\/wp-content\/uploads\/2021\/07\/main-log.png","contentUrl":"https:\/\/syndicatelegal.com\/wp-content\/uploads\/2021\/07\/main-log.png","width":300,"height":46,"caption":"Syndicatelegal"},"image":{"@id":"https:\/\/syndicatelegal.com\/#\/schema\/logo\/image\/"},"sameAs":["https:\/\/www.facebook.com\/syndicatelegal","https:\/\/x.com\/syndicatelegal","https:\/\/www.instagram.com\/syndicatelegal\/","https:\/\/www.linkedin.com\/in\/bhartia\/","https:\/\/www.youtube.com\/c\/ABhartia"]}]}},"_links":{"self":[{"href":"https:\/\/syndicatelegal.com\/es\/wp-json\/wp\/v2\/pages\/317","targetHints":{"allow":["GET"]}}],"collection":[{"href":"https:\/\/syndicatelegal.com\/es\/wp-json\/wp\/v2\/pages"}],"about":[{"href":"https:\/\/syndicatelegal.com\/es\/wp-json\/wp\/v2\/types\/page"}],"author":[{"embeddable":true,"href":"https:\/\/syndicatelegal.com\/es\/wp-json\/wp\/v2\/users\/1"}],"replies":[{"embeddable":true,"href":"https:\/\/syndicatelegal.com\/es\/wp-json\/wp\/v2\/comments?post=317"}],"version-history":[{"count":0,"href":"https:\/\/syndicatelegal.com\/es\/wp-json\/wp\/v2\/pages\/317\/revisions"}],"wp:attachment":[{"href":"https:\/\/syndicatelegal.com\/es\/wp-json\/wp\/v2\/media?parent=317"}],"curies":[{"name":"wp","href":"https:\/\/api.w.org\/{rel}","templated":true}]}}