{"id":540,"date":"2021-06-21T19:20:59","date_gmt":"2021-06-21T19:20:59","guid":{"rendered":"https:\/\/syndicatelegal.com\/?page_id=540"},"modified":"2021-06-21T19:21:30","modified_gmt":"2021-06-21T19:21:30","slug":"foreclosures","status":"publish","type":"page","link":"https:\/\/syndicatelegal.com\/es\/foreclosures\/","title":{"rendered":"Las ejecuciones hipotecarias"},"content":{"rendered":"<div class=\"wpb-content-wrapper\"><div class=\"vc_row wpb_row vc_row-fluid practice-areas-page\"><div class=\"wpb_column vc_column_container vc_col-sm-12\"><div class=\"vc_column-inner\"><div class=\"wpb_wrapper\">\n\t<div class=\"wpb_text_column wpb_content_element vc_custom_1624303036054\" >\n\t\t<div class=\"wpb_wrapper\">\n\t\t\t<h2>Detener la ejecuci\u00f3n Hipotecaria en California<\/h2>\n\n\t\t<\/div>\n\t<\/div>\n<div class=\"vc_separator wpb_content_element vc_separator_align_center vc_sep_width_10 vc_sep_border_width_2 vc_sep_pos_align_left vc_separator_no_text\" ><span class=\"vc_sep_holder vc_sep_holder_l\"><span style=\"border-color:#ffa300;\" class=\"vc_sep_line\"><\/span><\/span><span class=\"vc_sep_holder vc_sep_holder_r\"><span style=\"border-color:#ffa300;\" class=\"vc_sep_line\"><\/span><\/span>\n<\/div>\n\t<div class=\"wpb_text_column wpb_content_element vc_custom_1624303049884 sb-heading-inner-page\" >\n\t\t<div class=\"wpb_wrapper\">\n\t\t\t<h2>Obtener Ayuda del Abogado de la ejecuci\u00f3n Hipotecaria en el Sindicato Legal<\/h2>\n\n\t\t<\/div>\n\t<\/div>\n\n\t<div class=\"wpb_text_column wpb_content_element\" >\n\t\t<div class=\"wpb_wrapper\">\n\t\t\t<p>En el Sindicato Legal, nos apasiona ayudar a nuestros clientes a superar sus cargas financieras. Si usted est\u00e1 atrasado en su casa los pagos de la hipoteca y se enfrentan a la perspectiva de una ejecuci\u00f3n hipotecaria, le pedimos que nos llame tan pronto como sea posible para proteger su casa de la ejecuci\u00f3n hipotecaria mediante el uso de las poderosas leyes disponible en <u><a href=\"https:\/\/www.wslaw.com\/bankruptcy-law\/chapter-13\/\" target=\"_blank\" rel=\"noopener\">El cap\u00edtulo 13 de bancarrota<\/a><\/u>. Nuestro objetivo es ofrecer soluciones personalizadas para ayudarle a mantener sus activos m\u00e1s valiosos: su casa. Ll\u00e1menos hoy para su revisi\u00f3n gratuita de su caso por un Woodland Hills en el Cap\u00edtulo 13 de abogado para ver si el Cap\u00edtulo 13 es la opci\u00f3n correcta para usted.<\/p>\n\n\t\t<\/div>\n\t<\/div>\n\n\t<div class=\"wpb_text_column wpb_content_element vc_custom_1624303104115 sb-heading-inner-page\" >\n\t\t<div class=\"wpb_wrapper\">\n\t\t\t<h2>\u00bfC\u00f3mo Puede La Bancarrota Me Ayude A Evitar La Ejecuci\u00f3n Hipotecaria?<\/h2>\n\n\t\t<\/div>\n\t<\/div>\n\n\t<div class=\"wpb_text_column wpb_content_element\" >\n\t\t<div class=\"wpb_wrapper\">\n\t\t\t<p>El estado de California tiene la segunda tasa m\u00e1s alta de ejecuci\u00f3n hipotecaria en el pa\u00eds. Entre abril de 2012 y de 2013, aproximadamente 79,370 viviendas fueron embargadas. Si usted se enfrenta a una crisis de las hipotecas, es importante que hable con un abogado de la ejecuci\u00f3n hipotecaria tan pronto como sea posible. En el Cap\u00edtulo 13 de bancarrota, usted puede salvar su casa de una ejecuci\u00f3n hipotecaria por la reorganizaci\u00f3n de la deuda de la hipoteca y pagar los pagos en mora durante un per\u00edodo prolongado de tiempo de hasta cinco a\u00f1os.<\/p>\n<p><strong>Otras Formas En El Cap\u00edtulo 13 De Bancarrota Puede Ayudar A Proteger Su Hogar:<\/strong><\/p>\n<ul>\n<li>En el momento de presentar para el Cap\u00edtulo 13 de bancarrota, la corte emite una &#034;suspensi\u00f3n autom\u00e1tica&#034;, que impide a los acreedores de la recaudaci\u00f3n de la deuda, incluyendo inmediatamente detener la venta de ejecuci\u00f3n hipotecaria.<\/li>\n<li>Usted puede ser capaz de <u><a href=\"https:\/\/www.wslaw.com\/blog\/2014\/december\/eliminate-a-second-mortgage-even-after-a-chapter\/\" target=\"_blank\" rel=\"noopener\">eliminar su segunda hipoteca<\/a><\/u> y tratarlo como garant\u00eda de la deuda en algunos casos.<\/li>\n<\/ul>\n<p>La presentaci\u00f3n de una bancarrota del Cap\u00edtulo 13 le permite a aquellos que luchan con la deuda seria una oportunidad para mantener sus hogares y a pagar alto precio de las hipotecas estrat\u00e9gicamente. Adem\u00e1s, la presentaci\u00f3n del Cap\u00edtulo 13 puede permitir la descarga de otras deudas o pagar una fracci\u00f3n de ellos, d\u00e1ndole mayor flexibilidad financiera. Sin embargo, el Cap\u00edtulo 13 de bancarrota puede no ser la elecci\u00f3n correcta para todos. Hay l\u00edmites a la cantidad de deuda en un archivador puede tener en un Cap\u00edtulo y un archivador tambi\u00e9n debe ser capaz de ilustrar la capacidad para pagar sus atrasos de la hipoteca a trav\u00e9s de un Plan.<\/p>\n\n\t\t<\/div>\n\t<\/div>\n\n\t<div class=\"wpb_text_column wpb_content_element vc_custom_1624303165573 sb-heading-inner-page\" >\n\t\t<div class=\"wpb_wrapper\">\n\t\t\t<h2>El 15 de junio de 2021, con derecho a los solicitantes de no tener deuda no garantizada superior a $419,275 o deuda garantizada superior a $1,257,850.<\/h2>\n\n\t\t<\/div>\n\t<\/div>\n\n\t<div class=\"wpb_text_column wpb_content_element\" >\n\t\t<div class=\"wpb_wrapper\">\n\t\t\t<p><strong>Tome el Primer Paso: ll\u00e1menos hoy para su consulta gratuita para ver si usted califica para el Cap\u00edtulo 13. No hay ning\u00fan cargo por la llamada y estamos encantados de proporcionar opciones.<\/strong><\/p>\n\n\t\t<\/div>\n\t<\/div>\n\n\t<div class=\"wpb_text_column wpb_content_element vc_custom_1624303227076\" >\n\t\t<div class=\"wpb_wrapper\">\n\t\t\t<p style=\"text-align: center;\"><strong>Nunca pagar una tarifa para hablar con un abogado. CONSULTAS GRATIS!<\/strong><br \/>\n<strong>Llame las 24 horas del d\u00eda, los 7 d\u00edas de la semana para las Ejecuciones hipotecarias.<\/strong><br \/>\n<strong>DISPONIBLE 24\/7, los 365 d\u00edas del a\u00f1o, para las Ejecuciones hipotecarias.<\/strong><br \/>\n<strong>Llame ahora \u2013 <a href=\"tel:1-8885526272\">1-888-552-6272<\/a><\/strong><\/p>\n\n\t\t<\/div>\n\t<\/div>\n<\/div><\/div><\/div><\/div>\n<\/div>","protected":false},"excerpt":{"rendered":"Stop Foreclosure in California Get Help from the Foreclosure Attorney at Syndicate Legal At Syndicate Legal, we are passionate about","protected":false},"author":1,"featured_media":0,"parent":0,"menu_order":0,"comment_status":"closed","ping_status":"closed","template":"","meta":{"nf_dc_page":"","footnotes":""},"class_list":["post-540","page","type-page","status-publish","hentry"],"yoast_head":"<!-- This site is optimized with the Yoast SEO plugin v27.5 - https:\/\/yoast.com\/product\/yoast-seo-wordpress\/ -->\n<title>Foreclosures - Bankruptcy Attorney | Car Accident Attorney | Woodland Hills Los Angeles | Syndicate Legal<\/title>\n<meta name=\"robots\" content=\"index, follow, max-snippet:-1, max-image-preview:large, max-video-preview:-1\" \/>\n<link rel=\"canonical\" href=\"https:\/\/syndicatelegal.com\/es\/foreclosures\/\" \/>\n<meta property=\"og:locale\" content=\"es_MX\" \/>\n<meta property=\"og:type\" content=\"article\" \/>\n<meta property=\"og:title\" content=\"Foreclosures - Bankruptcy Attorney | Car Accident Attorney | Woodland Hills Los Angeles | Syndicate Legal\" \/>\n<meta property=\"og:url\" content=\"https:\/\/syndicatelegal.com\/es\/foreclosures\/\" \/>\n<meta property=\"og:site_name\" content=\"Bankruptcy Attorney | Car Accident Attorney | Woodland Hills Los Angeles | Syndicate Legal\" \/>\n<meta property=\"article:publisher\" content=\"https:\/\/www.facebook.com\/syndicatelegal\" \/>\n<meta property=\"article:modified_time\" content=\"2021-06-21T19:21:30+00:00\" \/>\n<meta name=\"twitter:card\" content=\"summary_large_image\" \/>\n<meta name=\"twitter:site\" content=\"@syndicatelegal\" \/>\n<meta name=\"twitter:label1\" content=\"Tiempo de lectura\" \/>\n\t<meta name=\"twitter:data1\" content=\"3 minutos\" \/>\n<script type=\"application\/ld+json\" class=\"yoast-schema-graph\">{\"@context\":\"https:\\\/\\\/schema.org\",\"@graph\":[{\"@type\":\"WebPage\",\"@id\":\"https:\\\/\\\/syndicatelegal.com\\\/foreclosures\\\/\",\"url\":\"https:\\\/\\\/syndicatelegal.com\\\/foreclosures\\\/\",\"name\":\"Foreclosures - Bankruptcy Attorney | Car Accident Attorney | Woodland Hills Los Angeles | Syndicate Legal\",\"isPartOf\":{\"@id\":\"https:\\\/\\\/syndicatelegal.com\\\/#website\"},\"datePublished\":\"2021-06-21T19:20:59+00:00\",\"dateModified\":\"2021-06-21T19:21:30+00:00\",\"breadcrumb\":{\"@id\":\"https:\\\/\\\/syndicatelegal.com\\\/foreclosures\\\/#breadcrumb\"},\"inLanguage\":\"es\",\"potentialAction\":[{\"@type\":\"ReadAction\",\"target\":[\"https:\\\/\\\/syndicatelegal.com\\\/foreclosures\\\/\"]}]},{\"@type\":\"BreadcrumbList\",\"@id\":\"https:\\\/\\\/syndicatelegal.com\\\/foreclosures\\\/#breadcrumb\",\"itemListElement\":[{\"@type\":\"ListItem\",\"position\":1,\"name\":\"Home\",\"item\":\"https:\\\/\\\/syndicatelegal.com\\\/\"},{\"@type\":\"ListItem\",\"position\":2,\"name\":\"Foreclosures\"}]},{\"@type\":\"WebSite\",\"@id\":\"https:\\\/\\\/syndicatelegal.com\\\/#website\",\"url\":\"https:\\\/\\\/syndicatelegal.com\\\/\",\"name\":\"Bankruptcy Attorney | Car Accident Attorney | Woodland Hills Los Angeles | Syndicate Legal\",\"description\":\"\",\"publisher\":{\"@id\":\"https:\\\/\\\/syndicatelegal.com\\\/#organization\"},\"potentialAction\":[{\"@type\":\"SearchAction\",\"target\":{\"@type\":\"EntryPoint\",\"urlTemplate\":\"https:\\\/\\\/syndicatelegal.com\\\/?s={search_term_string}\"},\"query-input\":{\"@type\":\"PropertyValueSpecification\",\"valueRequired\":true,\"valueName\":\"search_term_string\"}}],\"inLanguage\":\"es\"},{\"@type\":\"Organization\",\"@id\":\"https:\\\/\\\/syndicatelegal.com\\\/#organization\",\"name\":\"Syndicatelegal\",\"url\":\"https:\\\/\\\/syndicatelegal.com\\\/\",\"logo\":{\"@type\":\"ImageObject\",\"inLanguage\":\"es\",\"@id\":\"https:\\\/\\\/syndicatelegal.com\\\/#\\\/schema\\\/logo\\\/image\\\/\",\"url\":\"https:\\\/\\\/syndicatelegal.com\\\/wp-content\\\/uploads\\\/2021\\\/07\\\/main-log.png\",\"contentUrl\":\"https:\\\/\\\/syndicatelegal.com\\\/wp-content\\\/uploads\\\/2021\\\/07\\\/main-log.png\",\"width\":300,\"height\":46,\"caption\":\"Syndicatelegal\"},\"image\":{\"@id\":\"https:\\\/\\\/syndicatelegal.com\\\/#\\\/schema\\\/logo\\\/image\\\/\"},\"sameAs\":[\"https:\\\/\\\/www.facebook.com\\\/syndicatelegal\",\"https:\\\/\\\/x.com\\\/syndicatelegal\",\"https:\\\/\\\/www.instagram.com\\\/syndicatelegal\\\/\",\"https:\\\/\\\/www.linkedin.com\\\/in\\\/bhartia\\\/\",\"https:\\\/\\\/www.youtube.com\\\/c\\\/ABhartia\"]}]}<\/script>\n<!-- \/ Yoast SEO plugin. -->","yoast_head_json":{"title":"Foreclosures - Bankruptcy Attorney | Car Accident Attorney | Woodland Hills Los Angeles | Syndicate Legal","robots":{"index":"index","follow":"follow","max-snippet":"max-snippet:-1","max-image-preview":"max-image-preview:large","max-video-preview":"max-video-preview:-1"},"canonical":"https:\/\/syndicatelegal.com\/es\/foreclosures\/","og_locale":"es_MX","og_type":"article","og_title":"Foreclosures - Bankruptcy Attorney | Car Accident Attorney | Woodland Hills Los Angeles | Syndicate Legal","og_url":"https:\/\/syndicatelegal.com\/es\/foreclosures\/","og_site_name":"Bankruptcy Attorney | Car Accident Attorney | Woodland Hills Los Angeles | Syndicate Legal","article_publisher":"https:\/\/www.facebook.com\/syndicatelegal","article_modified_time":"2021-06-21T19:21:30+00:00","twitter_card":"summary_large_image","twitter_site":"@syndicatelegal","twitter_misc":{"Tiempo de lectura":"3 minutos"},"schema":{"@context":"https:\/\/schema.org","@graph":[{"@type":"WebPage","@id":"https:\/\/syndicatelegal.com\/foreclosures\/","url":"https:\/\/syndicatelegal.com\/foreclosures\/","name":"Foreclosures - Bankruptcy Attorney | Car Accident Attorney | Woodland Hills Los Angeles | Syndicate Legal","isPartOf":{"@id":"https:\/\/syndicatelegal.com\/#website"},"datePublished":"2021-06-21T19:20:59+00:00","dateModified":"2021-06-21T19:21:30+00:00","breadcrumb":{"@id":"https:\/\/syndicatelegal.com\/foreclosures\/#breadcrumb"},"inLanguage":"es","potentialAction":[{"@type":"ReadAction","target":["https:\/\/syndicatelegal.com\/foreclosures\/"]}]},{"@type":"BreadcrumbList","@id":"https:\/\/syndicatelegal.com\/foreclosures\/#breadcrumb","itemListElement":[{"@type":"ListItem","position":1,"name":"Home","item":"https:\/\/syndicatelegal.com\/"},{"@type":"ListItem","position":2,"name":"Foreclosures"}]},{"@type":"WebSite","@id":"https:\/\/syndicatelegal.com\/#website","url":"https:\/\/syndicatelegal.com\/","name":"Bankruptcy Attorney | Car Accident Attorney | Woodland Hills Los Angeles | Syndicate Legal","description":"","publisher":{"@id":"https:\/\/syndicatelegal.com\/#organization"},"potentialAction":[{"@type":"SearchAction","target":{"@type":"EntryPoint","urlTemplate":"https:\/\/syndicatelegal.com\/?s={search_term_string}"},"query-input":{"@type":"PropertyValueSpecification","valueRequired":true,"valueName":"search_term_string"}}],"inLanguage":"es"},{"@type":"Organization","@id":"https:\/\/syndicatelegal.com\/#organization","name":"Syndicatelegal","url":"https:\/\/syndicatelegal.com\/","logo":{"@type":"ImageObject","inLanguage":"es","@id":"https:\/\/syndicatelegal.com\/#\/schema\/logo\/image\/","url":"https:\/\/syndicatelegal.com\/wp-content\/uploads\/2021\/07\/main-log.png","contentUrl":"https:\/\/syndicatelegal.com\/wp-content\/uploads\/2021\/07\/main-log.png","width":300,"height":46,"caption":"Syndicatelegal"},"image":{"@id":"https:\/\/syndicatelegal.com\/#\/schema\/logo\/image\/"},"sameAs":["https:\/\/www.facebook.com\/syndicatelegal","https:\/\/x.com\/syndicatelegal","https:\/\/www.instagram.com\/syndicatelegal\/","https:\/\/www.linkedin.com\/in\/bhartia\/","https:\/\/www.youtube.com\/c\/ABhartia"]}]}},"_links":{"self":[{"href":"https:\/\/syndicatelegal.com\/es\/wp-json\/wp\/v2\/pages\/540","targetHints":{"allow":["GET"]}}],"collection":[{"href":"https:\/\/syndicatelegal.com\/es\/wp-json\/wp\/v2\/pages"}],"about":[{"href":"https:\/\/syndicatelegal.com\/es\/wp-json\/wp\/v2\/types\/page"}],"author":[{"embeddable":true,"href":"https:\/\/syndicatelegal.com\/es\/wp-json\/wp\/v2\/users\/1"}],"replies":[{"embeddable":true,"href":"https:\/\/syndicatelegal.com\/es\/wp-json\/wp\/v2\/comments?post=540"}],"version-history":[{"count":0,"href":"https:\/\/syndicatelegal.com\/es\/wp-json\/wp\/v2\/pages\/540\/revisions"}],"wp:attachment":[{"href":"https:\/\/syndicatelegal.com\/es\/wp-json\/wp\/v2\/media?parent=540"}],"curies":[{"name":"wp","href":"https:\/\/api.w.org\/{rel}","templated":true}]}}