{"id":547,"date":"2021-06-21T19:31:02","date_gmt":"2021-06-21T19:31:02","guid":{"rendered":"https:\/\/syndicatelegal.com\/?page_id=547"},"modified":"2021-07-18T22:39:27","modified_gmt":"2021-07-18T22:39:27","slug":"pedestrian-accidents","status":"publish","type":"page","link":"https:\/\/syndicatelegal.com\/es\/pedestrian-accidents\/","title":{"rendered":"Los Accidentes De Peatones"},"content":{"rendered":"<div class=\"wpb-content-wrapper\"><div class=\"vc_row wpb_row vc_row-fluid practice-areas-page\"><div class=\"wpb_column vc_column_container vc_col-sm-12\"><div class=\"vc_column-inner\"><div class=\"wpb_wrapper\">\n\t<div class=\"wpb_text_column wpb_content_element vc_custom_1626647965096\" >\n\t\t<div class=\"wpb_wrapper\">\n\t\t\t<h2>Experimentado Abogado de Accidentes de Peatones<\/h2>\n\n\t\t<\/div>\n\t<\/div>\n<div class=\"vc_separator wpb_content_element vc_separator_align_center vc_sep_width_10 vc_sep_border_width_2 vc_sep_pos_align_left vc_separator_no_text\" ><span class=\"vc_sep_holder vc_sep_holder_l\"><span style=\"border-color:#ffa300;\" class=\"vc_sep_line\"><\/span><\/span><span class=\"vc_sep_holder vc_sep_holder_r\"><span style=\"border-color:#ffa300;\" class=\"vc_sep_line\"><\/span><\/span>\n<\/div>\n\t<div class=\"wpb_text_column wpb_content_element\" >\n\t\t<div class=\"wpb_wrapper\">\n\t\t\t<p>A diferencia de un accidente de veh\u00edculo de motor, donde al menos se cuenta con la protecci\u00f3n de los confines de que el coche que usted est\u00e1 viajando en, cuando eres un corredor peatonal o en bicicleta, usted est\u00e1 totalmente expuesto. El Metal contra la piel, y no hace falta ser un genio para darse cuenta de que uno gana la batalla.<\/p>\n<p>Un accidente de peatones puede salir con heridas graves y gastos ilimitados. Si un conductor negligente es el culpable de su accidente, usted no deber\u00eda tener que pagar para que el conductor del error. Con el Sindicato Legal, nuestro dedicado California Woodland Hills abogados de accidentes de peatones puede ayudarle a buscar la compensaci\u00f3n sin ning\u00fan costo de bolsillo para usted. Nuestro experimentado y de confianza abogados han recuperado guapo asentamientos para el peat\u00f3n lesionado por la negligencia y la imprudencia de conductores de todo el estado de California. Y no se olvide de nuestro no-cuota garant\u00eda: s\u00f3lo se les paga cuando ganamos.<\/p>\n<p>Sindicato Legal se compromete a luchar con u\u00f1as y dientes para peatones v\u00edctimas de accidentes. Nuestro peatonal abogados de accidentes de hacer todo lo posible para tomar la presi\u00f3n a usted as\u00ed que usted puede centrarse en su salud y recuperar su vida normal.<\/p>\n<p>Para una revisi\u00f3n gratuita de su caso, <u><a href=\"tel:(818) 293-5291\">ll\u00e1menos hoy<\/a><\/u> o ponerse en l\u00ednea. Estamos aqu\u00ed 24\/7 para responder a sus preguntas.<\/p>\n\n\t\t<\/div>\n\t<\/div>\n\n\t<div class=\"wpb_text_column wpb_content_element vc_custom_1624303800788 sb-heading-inner-page\" >\n\t\t<div class=\"wpb_wrapper\">\n\t\t\t<h2>\u00bfCu\u00e1nto Es Mi Accidentes De Peatones Caso, Vale La Pena?<\/h2>\n\n\t\t<\/div>\n\t<\/div>\n\n\t<div class=\"wpb_text_column wpb_content_element\" >\n\t\t<div class=\"wpb_wrapper\">\n\t\t\t<p>Incluso con un menor impacto en un accidente de peatones puede conducir a lesiones importantes. Esas lesiones pueden resultar en escandalosamente altas facturas de hospital, los salarios perdidos de trabajo, y otros gastos imprevistos como se debe tratar de recoger los pedazos.<\/p>\n<p><strong>La persona que tuvo la culpa puede deber a que los peatones accidentes de trabajo para:<\/strong><\/p>\n<ul>\n<li><strong>Pasado y futuro de la atenci\u00f3n m\u00e9dica.<\/strong> Esto podr\u00eda incluir visitas de sala de urgencias, cirug\u00edas, ex\u00e1menes de diagn\u00f3stico por im\u00e1genes, las visitas de los especialistas, de rehabilitaci\u00f3n, equipos m\u00e9dicos y otros gastos relacionados con sus lesiones.<\/li>\n<li><strong>La p\u00e9rdida de salarios.<\/strong> Un accidente puede impedir trabajar y ganar lo que usted necesita para mantenerse a usted y a sus seres queridos.<\/li>\n<li><strong>El da\u00f1o a su potencial de ingresos.<\/strong> Las lesiones puede costar la carrera, te obligan a tomar un menor pago de trabajo, o incluso hacer que el trabajo imposible.<\/li>\n<li><strong>El dolor y el sufrimiento<\/strong> usted soportar a causa de sus lesiones.<\/li>\n<li><strong>La angustia emocional<\/strong> tales como la depresi\u00f3n, el insomnio y otros problemas.<\/li>\n<\/ul>\n\n\t\t<\/div>\n\t<\/div>\n\n\t<div class=\"wpb_text_column wpb_content_element vc_custom_1624303857510\" >\n\t\t<div class=\"wpb_wrapper\">\n\t\t\t<p style=\"text-align: center;\"><strong>Nunca pagar una tarifa para hablar con un abogado. CONSULTAS GRATIS!<\/strong><br \/>\n<strong>Llame las 24 horas del d\u00eda, los 7 d\u00edas de la semana en Accidentes de Peatones.<\/strong><br \/>\n<strong>DISPONIBLE 24\/7, los 365 d\u00edas del a\u00f1o por Accidentes de Peatones.<\/strong><br \/>\n<strong>Llame ahora \u2013 <a href=\"tel:1-8885526272\">1-888-552-6272<\/a><\/strong><\/p>\n\n\t\t<\/div>\n\t<\/div>\n<\/div><\/div><\/div><\/div>\n<\/div>","protected":false},"excerpt":{"rendered":"Experienced Attorney for Pedestrian Accidents Unlike a motor vehicle accident where you at least have the protection of the confines","protected":false},"author":1,"featured_media":0,"parent":0,"menu_order":0,"comment_status":"closed","ping_status":"closed","template":"","meta":{"nf_dc_page":"","footnotes":""},"class_list":["post-547","page","type-page","status-publish","hentry"],"yoast_head":"<!-- This site is optimized with the Yoast SEO plugin v27.4 - https:\/\/yoast.com\/product\/yoast-seo-wordpress\/ -->\n<title>Pedestrian Accidents - Bankruptcy Attorney | Car Accident Attorney | Woodland Hills Los Angeles | Syndicate Legal<\/title>\n<meta name=\"robots\" content=\"index, follow, max-snippet:-1, max-image-preview:large, max-video-preview:-1\" \/>\n<link rel=\"canonical\" href=\"https:\/\/syndicatelegal.com\/es\/pedestrian-accidents\/\" \/>\n<meta property=\"og:locale\" content=\"es_MX\" \/>\n<meta property=\"og:type\" content=\"article\" \/>\n<meta property=\"og:title\" content=\"Pedestrian Accidents - Bankruptcy Attorney | Car Accident Attorney | Woodland Hills Los Angeles | Syndicate Legal\" \/>\n<meta property=\"og:url\" content=\"https:\/\/syndicatelegal.com\/es\/pedestrian-accidents\/\" \/>\n<meta property=\"og:site_name\" content=\"Bankruptcy Attorney | Car Accident Attorney | Woodland Hills Los Angeles | Syndicate Legal\" \/>\n<meta property=\"article:publisher\" content=\"https:\/\/www.facebook.com\/syndicatelegal\" \/>\n<meta property=\"article:modified_time\" content=\"2021-07-18T22:39:27+00:00\" \/>\n<meta name=\"twitter:card\" content=\"summary_large_image\" \/>\n<meta name=\"twitter:site\" content=\"@syndicatelegal\" \/>\n<meta name=\"twitter:label1\" content=\"Tiempo de lectura\" \/>\n\t<meta name=\"twitter:data1\" content=\"2 minutos\" \/>\n<script type=\"application\/ld+json\" class=\"yoast-schema-graph\">{\"@context\":\"https:\\\/\\\/schema.org\",\"@graph\":[{\"@type\":\"WebPage\",\"@id\":\"https:\\\/\\\/syndicatelegal.com\\\/pedestrian-accidents\\\/\",\"url\":\"https:\\\/\\\/syndicatelegal.com\\\/pedestrian-accidents\\\/\",\"name\":\"Pedestrian Accidents - Bankruptcy Attorney | Car Accident Attorney | Woodland Hills Los Angeles | Syndicate Legal\",\"isPartOf\":{\"@id\":\"https:\\\/\\\/syndicatelegal.com\\\/#website\"},\"datePublished\":\"2021-06-21T19:31:02+00:00\",\"dateModified\":\"2021-07-18T22:39:27+00:00\",\"breadcrumb\":{\"@id\":\"https:\\\/\\\/syndicatelegal.com\\\/pedestrian-accidents\\\/#breadcrumb\"},\"inLanguage\":\"es\",\"potentialAction\":[{\"@type\":\"ReadAction\",\"target\":[\"https:\\\/\\\/syndicatelegal.com\\\/pedestrian-accidents\\\/\"]}]},{\"@type\":\"BreadcrumbList\",\"@id\":\"https:\\\/\\\/syndicatelegal.com\\\/pedestrian-accidents\\\/#breadcrumb\",\"itemListElement\":[{\"@type\":\"ListItem\",\"position\":1,\"name\":\"Home\",\"item\":\"https:\\\/\\\/syndicatelegal.com\\\/\"},{\"@type\":\"ListItem\",\"position\":2,\"name\":\"Pedestrian Accidents\"}]},{\"@type\":\"WebSite\",\"@id\":\"https:\\\/\\\/syndicatelegal.com\\\/#website\",\"url\":\"https:\\\/\\\/syndicatelegal.com\\\/\",\"name\":\"Bankruptcy Attorney | Car Accident Attorney | Woodland Hills Los Angeles | Syndicate Legal\",\"description\":\"\",\"publisher\":{\"@id\":\"https:\\\/\\\/syndicatelegal.com\\\/#organization\"},\"potentialAction\":[{\"@type\":\"SearchAction\",\"target\":{\"@type\":\"EntryPoint\",\"urlTemplate\":\"https:\\\/\\\/syndicatelegal.com\\\/?s={search_term_string}\"},\"query-input\":{\"@type\":\"PropertyValueSpecification\",\"valueRequired\":true,\"valueName\":\"search_term_string\"}}],\"inLanguage\":\"es\"},{\"@type\":\"Organization\",\"@id\":\"https:\\\/\\\/syndicatelegal.com\\\/#organization\",\"name\":\"Syndicatelegal\",\"url\":\"https:\\\/\\\/syndicatelegal.com\\\/\",\"logo\":{\"@type\":\"ImageObject\",\"inLanguage\":\"es\",\"@id\":\"https:\\\/\\\/syndicatelegal.com\\\/#\\\/schema\\\/logo\\\/image\\\/\",\"url\":\"https:\\\/\\\/syndicatelegal.com\\\/wp-content\\\/uploads\\\/2021\\\/07\\\/main-log.png\",\"contentUrl\":\"https:\\\/\\\/syndicatelegal.com\\\/wp-content\\\/uploads\\\/2021\\\/07\\\/main-log.png\",\"width\":300,\"height\":46,\"caption\":\"Syndicatelegal\"},\"image\":{\"@id\":\"https:\\\/\\\/syndicatelegal.com\\\/#\\\/schema\\\/logo\\\/image\\\/\"},\"sameAs\":[\"https:\\\/\\\/www.facebook.com\\\/syndicatelegal\",\"https:\\\/\\\/x.com\\\/syndicatelegal\",\"https:\\\/\\\/www.instagram.com\\\/syndicatelegal\\\/\",\"https:\\\/\\\/www.linkedin.com\\\/in\\\/bhartia\\\/\",\"https:\\\/\\\/www.youtube.com\\\/c\\\/ABhartia\"]}]}<\/script>\n<!-- \/ Yoast SEO plugin. -->","yoast_head_json":{"title":"Pedestrian Accidents - Bankruptcy Attorney | Car Accident Attorney | Woodland Hills Los Angeles | Syndicate Legal","robots":{"index":"index","follow":"follow","max-snippet":"max-snippet:-1","max-image-preview":"max-image-preview:large","max-video-preview":"max-video-preview:-1"},"canonical":"https:\/\/syndicatelegal.com\/es\/pedestrian-accidents\/","og_locale":"es_MX","og_type":"article","og_title":"Pedestrian Accidents - Bankruptcy Attorney | Car Accident Attorney | Woodland Hills Los Angeles | Syndicate Legal","og_url":"https:\/\/syndicatelegal.com\/es\/pedestrian-accidents\/","og_site_name":"Bankruptcy Attorney | Car Accident Attorney | Woodland Hills Los Angeles | Syndicate Legal","article_publisher":"https:\/\/www.facebook.com\/syndicatelegal","article_modified_time":"2021-07-18T22:39:27+00:00","twitter_card":"summary_large_image","twitter_site":"@syndicatelegal","twitter_misc":{"Tiempo de lectura":"2 minutos"},"schema":{"@context":"https:\/\/schema.org","@graph":[{"@type":"WebPage","@id":"https:\/\/syndicatelegal.com\/pedestrian-accidents\/","url":"https:\/\/syndicatelegal.com\/pedestrian-accidents\/","name":"Pedestrian Accidents - Bankruptcy Attorney | Car Accident Attorney | Woodland Hills Los Angeles | Syndicate Legal","isPartOf":{"@id":"https:\/\/syndicatelegal.com\/#website"},"datePublished":"2021-06-21T19:31:02+00:00","dateModified":"2021-07-18T22:39:27+00:00","breadcrumb":{"@id":"https:\/\/syndicatelegal.com\/pedestrian-accidents\/#breadcrumb"},"inLanguage":"es","potentialAction":[{"@type":"ReadAction","target":["https:\/\/syndicatelegal.com\/pedestrian-accidents\/"]}]},{"@type":"BreadcrumbList","@id":"https:\/\/syndicatelegal.com\/pedestrian-accidents\/#breadcrumb","itemListElement":[{"@type":"ListItem","position":1,"name":"Home","item":"https:\/\/syndicatelegal.com\/"},{"@type":"ListItem","position":2,"name":"Pedestrian Accidents"}]},{"@type":"WebSite","@id":"https:\/\/syndicatelegal.com\/#website","url":"https:\/\/syndicatelegal.com\/","name":"Bankruptcy Attorney | Car Accident Attorney | Woodland Hills Los Angeles | Syndicate Legal","description":"","publisher":{"@id":"https:\/\/syndicatelegal.com\/#organization"},"potentialAction":[{"@type":"SearchAction","target":{"@type":"EntryPoint","urlTemplate":"https:\/\/syndicatelegal.com\/?s={search_term_string}"},"query-input":{"@type":"PropertyValueSpecification","valueRequired":true,"valueName":"search_term_string"}}],"inLanguage":"es"},{"@type":"Organization","@id":"https:\/\/syndicatelegal.com\/#organization","name":"Syndicatelegal","url":"https:\/\/syndicatelegal.com\/","logo":{"@type":"ImageObject","inLanguage":"es","@id":"https:\/\/syndicatelegal.com\/#\/schema\/logo\/image\/","url":"https:\/\/syndicatelegal.com\/wp-content\/uploads\/2021\/07\/main-log.png","contentUrl":"https:\/\/syndicatelegal.com\/wp-content\/uploads\/2021\/07\/main-log.png","width":300,"height":46,"caption":"Syndicatelegal"},"image":{"@id":"https:\/\/syndicatelegal.com\/#\/schema\/logo\/image\/"},"sameAs":["https:\/\/www.facebook.com\/syndicatelegal","https:\/\/x.com\/syndicatelegal","https:\/\/www.instagram.com\/syndicatelegal\/","https:\/\/www.linkedin.com\/in\/bhartia\/","https:\/\/www.youtube.com\/c\/ABhartia"]}]}},"_links":{"self":[{"href":"https:\/\/syndicatelegal.com\/es\/wp-json\/wp\/v2\/pages\/547","targetHints":{"allow":["GET"]}}],"collection":[{"href":"https:\/\/syndicatelegal.com\/es\/wp-json\/wp\/v2\/pages"}],"about":[{"href":"https:\/\/syndicatelegal.com\/es\/wp-json\/wp\/v2\/types\/page"}],"author":[{"embeddable":true,"href":"https:\/\/syndicatelegal.com\/es\/wp-json\/wp\/v2\/users\/1"}],"replies":[{"embeddable":true,"href":"https:\/\/syndicatelegal.com\/es\/wp-json\/wp\/v2\/comments?post=547"}],"version-history":[{"count":0,"href":"https:\/\/syndicatelegal.com\/es\/wp-json\/wp\/v2\/pages\/547\/revisions"}],"wp:attachment":[{"href":"https:\/\/syndicatelegal.com\/es\/wp-json\/wp\/v2\/media?parent=547"}],"curies":[{"name":"wp","href":"https:\/\/api.w.org\/{rel}","templated":true}]}}