{"id":551,"date":"2021-06-21T19:34:59","date_gmt":"2021-06-21T19:34:59","guid":{"rendered":"https:\/\/syndicatelegal.com\/?page_id=551"},"modified":"2021-06-21T19:44:59","modified_gmt":"2021-06-21T19:44:59","slug":"wage-garnishments","status":"publish","type":"page","link":"https:\/\/syndicatelegal.com\/es\/wage-garnishments\/","title":{"rendered":"Embargos De Salarios"},"content":{"rendered":"<div class=\"wpb-content-wrapper\"><div class=\"vc_row wpb_row vc_row-fluid practice-areas-page\"><div class=\"wpb_column vc_column_container vc_col-sm-12\"><div class=\"vc_column-inner\"><div class=\"wpb_wrapper\">\n\t<div class=\"wpb_text_column wpb_content_element vc_custom_1624304189804\" >\n\t\t<div class=\"wpb_wrapper\">\n\t\t\t<h2>Detener los Embargos de Salarios en Los \u00c1ngeles<\/h2>\n\n\t\t<\/div>\n\t<\/div>\n<div class=\"vc_separator wpb_content_element vc_separator_align_center vc_sep_width_10 vc_sep_border_width_2 vc_sep_pos_align_left vc_separator_no_text\" ><span class=\"vc_sep_holder vc_sep_holder_l\"><span style=\"border-color:#ffa300;\" class=\"vc_sep_line\"><\/span><\/span><span class=\"vc_sep_holder vc_sep_holder_r\"><span style=\"border-color:#ffa300;\" class=\"vc_sep_line\"><\/span><\/span>\n<\/div>\n\t<div class=\"wpb_text_column wpb_content_element vc_custom_1624304205863 sb-heading-inner-page\" >\n\t\t<div class=\"wpb_wrapper\">\n\t\t\t<h2>Obtenga Ayuda de un Embargo de Salario Abogado del Sindicato Legal<\/h2>\n\n\t\t<\/div>\n\t<\/div>\n\n\t<div class=\"wpb_text_column wpb_content_element\" >\n\t\t<div class=\"wpb_wrapper\">\n\t\t\t<p>En el Sindicato Legal, nos apasiona ayudar a nuestros clientes a superar sus cargas financieras. Si usted recibe su cheque de pago, s\u00f3lo para encontrar un pedazo gigante de su pago desaparecidos a causa de un acreedor, entonces usted est\u00e1 experimentando lo que se conoce como un embargo de salario.<\/p>\n<p>En pocas palabras, si su ingreso es mayor que su razonables y gastos necesarios para que usted tiene suficiente dinero, (esta cantidad depende de la cantidad de su deber y los detalles de su caso), entonces usted puede ser capaz de calificar para una bancarrota del Cap\u00edtulo 13.<\/p>\n\n\t\t<\/div>\n\t<\/div>\n\n\t<div class=\"wpb_text_column wpb_content_element vc_custom_1624304233374 sb-heading-inner-page\" >\n\t\t<div class=\"wpb_wrapper\">\n\t\t\t<h2>\u00bfCu\u00e1l Es El Embargo De Salario?<\/h2>\n\n\t\t<\/div>\n\t<\/div>\n\n\t<div class=\"wpb_text_column wpb_content_element\" >\n\t\t<div class=\"wpb_wrapper\">\n\t\t\t<p class=\"sc-fotpbf\" style=\"text-align: justify;\">El embargo de salario que sucede cuando un tribunal dicta una orden que exige que su empleador a retener una parte de su cheque de pago y enviarlo directamente a un acreedor que usted debe. En general, su sueldo sigue siendo embargado hasta que la deuda se paga en su totalidad o de lo contrario resuelto.<\/p>\n<p class=\"sc-fotpbf\" style=\"text-align: justify;\">Un embargo de salario dura hasta que la deuda est\u00e9 completamente pagado. Si bien esto ayuda a los acreedores a obtener las deudas de los prestatarios, un mont\u00f3n de veces causa estragos en una situaci\u00f3n financiera del prestatario. Aunque la mayor\u00eda de sus salarios est\u00e1n protegidos de embargo, todav\u00eda puede tener un grave impacto en sus ingresos. Por ejemplo, en tanto que s\u00f3lo hay una deuda que se embargarse de sus salarios, su empleador no puede tomar represalias contra usted debido a un embargo de salario. Sin embargo, si varios acreedores embargar su salario, su empleador puede renegociar los t\u00e9rminos de su empleo. Consecuencias como estas llevan a muchas personas de ser atrapado por sus deudas, la creaci\u00f3n de un ciclo de inestabilidad financiera.<\/p>\n\n\t\t<\/div>\n\t<\/div>\n\n\t<div class=\"wpb_text_column wpb_content_element vc_custom_1624304444501\" >\n\t\t<div class=\"wpb_wrapper\">\n\t\t\t<h2>Puede el Cap\u00edtulo 7 o 13 de Bancarrota Detener el Embargo de Salario?<\/h2>\n\n\t\t<\/div>\n\t<\/div>\n\n\t<div class=\"wpb_text_column wpb_content_element\" >\n\t\t<div class=\"wpb_wrapper\">\n\t\t\t<p class=\"sc-fotpbf\" style=\"text-align: justify;\"><b>S\u00ed!<\/b> Una vez que un caso de bancarrota ha sido presentada, la suspensi\u00f3n autom\u00e1tica de prohibir la continuaci\u00f3n de cualquier embargo no por un interno de la obligaci\u00f3n de manutenci\u00f3n.<\/p>\n\n\t\t<\/div>\n\t<\/div>\n\n\t<div class=\"wpb_text_column wpb_content_element vc_custom_1624304281774 sb-heading-inner-page\" >\n\t\t<div class=\"wpb_wrapper\">\n\t\t\t<h2>\u00bfQu\u00e9 Es Una Suspensi\u00f3n Autom\u00e1tica?<\/h2>\n\n\t\t<\/div>\n\t<\/div>\n\n\t<div class=\"wpb_text_column wpb_content_element\" >\n\t\t<div class=\"wpb_wrapper\">\n\t\t\t<p class=\"sc-fotpbf\" style=\"text-align: justify;\">Si usted est\u00e1 luchando para pagar una cantidad sustancial de la deuda, entonces usted probablemente ha considerado la quiebra. Mientras que esto puede ser intimidante tema, la verdad es que la bancarrota existe para ayudar a los que luchan por los individuos volver sobre sus pies. Cap\u00edtulo 7 de bancarrota tiene diferentes aspectos, construido en el que aliviar la carga de la deuda y dar una segunda oportunidad a la libertad financiera. La primera forma en que la bancarrota ofrece alivio es autom\u00e1tica a trav\u00e9s de la estancia.<\/p>\n<p class=\"sc-fotpbf\" style=\"text-align: justify;\">La suspensi\u00f3n autom\u00e1tica significa que para la duraci\u00f3n de la presentaci\u00f3n de la quiebra, ninguno de sus acreedores se les permit\u00eda continuar con sus deudas. Esto incluye a los acreedores, agencias de cobro, y entidades de gobierno. No m\u00e1s llamadas telef\u00f3nicas, cartas o mensajes de correo electr\u00f3nico y, definitivamente, no m\u00e1s el embargo de salario (excepto para el apoyo interno de las obligaciones). Ellos no pueden tomar ninguna acci\u00f3n contra usted debido a su deuda. Tan pronto como usted env\u00eda su petici\u00f3n de bancarrota, la corte le enviar\u00e1 una notificaci\u00f3n a cada uno de sus acreedores y les informamos que usted present\u00f3, y acerca de los l\u00edmites que les impone la estancia.<\/p>\n\n\t\t<\/div>\n\t<\/div>\n\n\t<div class=\"wpb_text_column wpb_content_element vc_custom_1624304307701 sb-heading-inner-page\" >\n\t\t<div class=\"wpb_wrapper\">\n\t\t\t<h2>Alivio de los Acreedores y Deudas<\/h2>\n\n\t\t<\/div>\n\t<\/div>\n\n\t<div class=\"wpb_text_column wpb_content_element vc_custom_1624304654925\" >\n\t\t<div class=\"wpb_wrapper\">\n\t\t\t<p class=\"sc-fotpbf\" style=\"text-align: justify;\">Casi todas las formas de embargo de salario se detuvo por una suspensi\u00f3n autom\u00e1tica. Incluso si usted tiene m\u00faltiples acreedores de hacer cumplir el embargo de salario de sus cheques de pago, que normalmente se puede detener mediante la presentaci\u00f3n de bancarrota del Cap\u00edtulo 7 y, a continuaci\u00f3n, borrar\u00e1 si recibe una descarga. La presentaci\u00f3n de la quiebra no s\u00f3lo de resolver de forma temporal su embargo de salario problemas, pero potencialmente erradicarlas por completo.<\/p>\n\n\t\t<\/div>\n\t<\/div>\n\n\t<div class=\"wpb_text_column wpb_content_element vc_custom_1624304413133\" >\n\t\t<div class=\"wpb_wrapper\">\n\t\t\t<h2>Excepciones a la suspensi\u00f3n Autom\u00e1tica<\/h2>\n\n\t\t<\/div>\n\t<\/div>\n\n\t<div class=\"wpb_text_column wpb_content_element vc_custom_1624304358821\" >\n\t\t<div class=\"wpb_wrapper\">\n\t\t\t<p>Es importante tener en cuenta, sin embargo, que no todas las formas de embargo de salario se puede detener a trav\u00e9s de una suspensi\u00f3n autom\u00e1tica. A veces esto depende del tipo de deuda, otras veces depende de c\u00f3mo muchas veces usted se ha declarado en bancarrota en el pasado reciente. <\/p>\n\n\t\t<\/div>\n\t<\/div>\n\n\t<div class=\"wpb_text_column wpb_content_element vc_custom_1624304475204 sb-heading-inner-page\" >\n\t\t<div class=\"wpb_wrapper\">\n\t\t\t<h2>El Apoyo Interno De Las Obligaciones<\/h2>\n\n\t\t<\/div>\n\t<\/div>\n\n\t<div class=\"wpb_text_column wpb_content_element vc_custom_1624304487461\" >\n\t\t<div class=\"wpb_wrapper\">\n\t\t\t<p class=\"sc-fotpbf\" style=\"text-align: justify;\">Estos embargos est\u00e1n protegidos por la ley, y por lo tanto no puede ser eliminado por cualquier otra raz\u00f3n de un cambio en sus circunstancias internas. As\u00ed que si este tipo de embargo de salario es la \u00fanica raz\u00f3n por la que tenemos para la b\u00fasqueda de la bancarrota, usted debe buscar en otras soluciones.<\/p>\n\n\t\t<\/div>\n\t<\/div>\n\n\t<div class=\"wpb_text_column wpb_content_element vc_custom_1624304509500 sb-heading-inner-page\" >\n\t\t<div class=\"wpb_wrapper\">\n\t\t\t<h2>M\u00faltiples Solicitudes De Quiebra<\/h2>\n\n\t\t<\/div>\n\t<\/div>\n\n\t<div class=\"wpb_text_column wpb_content_element vc_custom_1624304671120\" >\n\t\t<div class=\"wpb_wrapper\">\n\t\t\t<p class=\"sc-fotpbf\" style=\"text-align: justify;\">Si usted present\u00f3 una declaraci\u00f3n de bancarrota en los \u00faltimos a\u00f1os y que hab\u00eda despedido a su caso, su suspensi\u00f3n s\u00f3lo tendr\u00e1 efecto durante 30 d\u00edas. Usted puede pedirle a la corte para extender este periodo de tiempo, tanto tiempo como usted puede probar que la primera presentaci\u00f3n fue en buena fe (lo que significa que usted realmente cre\u00eda que iba a ser aprobada por la quiebra, y no simplemente la presentaci\u00f3n de mantener a raya a los acreedores).<\/p>\n<p class=\"sc-fotpbf\" style=\"text-align: justify;\">A lo largo de la misma l\u00ednea, si usted present\u00f3 una declaraci\u00f3n de bancarrota dos veces en el \u00faltimo a\u00f1o y vaya a archivo por tercera vez, no se le otorgar\u00e1 una suspensi\u00f3n autom\u00e1tica. La raz\u00f3n de estas reglas es evitar que las personas abusen de la suspensi\u00f3n autom\u00e1tica. Sin estas reglas, los deudores pod\u00edan declararse en quiebra una indefinida cantidad de veces para evitar pagar sus deudas. Usted puede pedirle a la corte para instaurar un sistema autom\u00e1tico de permanecer en su tercera presentaci\u00f3n, una vez m\u00e1s, demostrando que los dos anteriores presentaciones fueron hechas de buena fe.<\/p>\n\n\t\t<\/div>\n\t<\/div>\n\n\t<div class=\"wpb_text_column wpb_content_element vc_custom_1624304541587\" >\n\t\t<div class=\"wpb_wrapper\">\n\t\t\t<h2>\u00bfQu\u00e9 Pasa Despu\u00e9s De Su Bancarrota Es M\u00e1s?<\/h2>\n\n\t\t<\/div>\n\t<\/div>\n\n\t<div class=\"wpb_text_column wpb_content_element vc_custom_1624304570349\" >\n\t\t<div class=\"wpb_wrapper\">\n\t\t\t<p>Mientras que una suspensi\u00f3n autom\u00e1tica proporciona un gran alivio de la presi\u00f3n de embargo de salario, no es una permanente sostener contra sus acreedores. Una vez que la declaraci\u00f3n de quiebra es completa, se pierde la protecci\u00f3n de la suspensi\u00f3n autom\u00e1tica. Sin embargo, su alta le proteger\u00e1 de las acciones de los acreedores para la mayor\u00eda, si no todos, de sus deudas. Si su salario era llegar embargado por una factura de tarjeta de cr\u00e9dito, deficiencia de equilibrio despu\u00e9s de una recuperaci\u00f3n de la posesi\u00f3n, o el m\u00e9dico de la deuda y no para un no-descargables de la deuda, el embargo no puede empezar de nuevo despu\u00e9s de que su caso est\u00e1 cerrado.<\/p>\n<p>Si usted est\u00e1 encontrando dificultades financieras como resultado de los embargos de salarios, la presentaci\u00f3n del Cap\u00edtulo 7 de bancarrota puede ser la mejor manera para resolver el problema. No s\u00f3lo va a detener su embargos por un corto per\u00edodo de tiempo, pero tiene el probable potencial de eliminar las deudas por completo.<\/p>\n<p><strong>Tome el Primer Paso: ll\u00e1menos hoy para su consulta gratuita para ver si usted califica para el Cap\u00edtulo 7 o 13. No hay ning\u00fan cargo por la llamada y estamos encantados de proporcionar opciones.<\/strong><\/p>\n\n\t\t<\/div>\n\t<\/div>\n\n\t<div class=\"wpb_text_column wpb_content_element vc_custom_1624304603087\" >\n\t\t<div class=\"wpb_wrapper\">\n\t\t\t<p style=\"text-align: center;\"><strong>Nunca pagar una tarifa para hablar con un abogado. CONSULTAS GRATIS!<\/strong><br \/>\n<strong>Llame las 24 horas del d\u00eda, los 7 d\u00edas de la semana para los Embargos de Salarios.<\/strong><br \/>\n<strong>DISPONIBLE 24\/7, los 365 d\u00edas del a\u00f1o para los Embargos de Salarios.<\/strong><br \/>\n<strong>Llame ahora \u2013 <a href=\"tel:1-8885526272\">1-888-552-6272<\/a><\/strong><\/p>\n\n\t\t<\/div>\n\t<\/div>\n<\/div><\/div><\/div><\/div>\n<\/div>","protected":false},"excerpt":{"rendered":"Stop Wage Garnishments in Los Angeles Get Help from the Wage Garnishment Attorney at Syndicate Legal At Syndicate Legal, we","protected":false},"author":1,"featured_media":0,"parent":0,"menu_order":0,"comment_status":"closed","ping_status":"closed","template":"","meta":{"nf_dc_page":"","footnotes":""},"class_list":["post-551","page","type-page","status-publish","hentry"],"yoast_head":"<!-- This site is optimized with the Yoast SEO plugin v27.4 - https:\/\/yoast.com\/product\/yoast-seo-wordpress\/ -->\n<title>Wage Garnishments - Bankruptcy Attorney | Car Accident Attorney | Woodland Hills Los Angeles | Syndicate Legal<\/title>\n<meta name=\"robots\" content=\"index, follow, max-snippet:-1, max-image-preview:large, max-video-preview:-1\" \/>\n<link rel=\"canonical\" href=\"https:\/\/syndicatelegal.com\/es\/wage-garnishments\/\" \/>\n<meta property=\"og:locale\" content=\"es_MX\" \/>\n<meta property=\"og:type\" content=\"article\" \/>\n<meta property=\"og:title\" content=\"Wage Garnishments - Bankruptcy Attorney | Car Accident Attorney | Woodland Hills Los Angeles | Syndicate Legal\" \/>\n<meta property=\"og:url\" content=\"https:\/\/syndicatelegal.com\/es\/wage-garnishments\/\" \/>\n<meta property=\"og:site_name\" content=\"Bankruptcy Attorney | Car Accident Attorney | Woodland Hills Los Angeles | Syndicate Legal\" \/>\n<meta property=\"article:publisher\" content=\"https:\/\/www.facebook.com\/syndicatelegal\" \/>\n<meta property=\"article:modified_time\" content=\"2021-06-21T19:44:59+00:00\" \/>\n<meta name=\"twitter:card\" content=\"summary_large_image\" \/>\n<meta name=\"twitter:site\" content=\"@syndicatelegal\" \/>\n<meta name=\"twitter:label1\" content=\"Tiempo de lectura\" \/>\n\t<meta name=\"twitter:data1\" content=\"7 minutos\" \/>\n<script type=\"application\/ld+json\" class=\"yoast-schema-graph\">{\"@context\":\"https:\\\/\\\/schema.org\",\"@graph\":[{\"@type\":\"WebPage\",\"@id\":\"https:\\\/\\\/syndicatelegal.com\\\/wage-garnishments\\\/\",\"url\":\"https:\\\/\\\/syndicatelegal.com\\\/wage-garnishments\\\/\",\"name\":\"Wage Garnishments - Bankruptcy Attorney | Car Accident Attorney | Woodland Hills Los Angeles | Syndicate Legal\",\"isPartOf\":{\"@id\":\"https:\\\/\\\/syndicatelegal.com\\\/#website\"},\"datePublished\":\"2021-06-21T19:34:59+00:00\",\"dateModified\":\"2021-06-21T19:44:59+00:00\",\"breadcrumb\":{\"@id\":\"https:\\\/\\\/syndicatelegal.com\\\/wage-garnishments\\\/#breadcrumb\"},\"inLanguage\":\"es\",\"potentialAction\":[{\"@type\":\"ReadAction\",\"target\":[\"https:\\\/\\\/syndicatelegal.com\\\/wage-garnishments\\\/\"]}]},{\"@type\":\"BreadcrumbList\",\"@id\":\"https:\\\/\\\/syndicatelegal.com\\\/wage-garnishments\\\/#breadcrumb\",\"itemListElement\":[{\"@type\":\"ListItem\",\"position\":1,\"name\":\"Home\",\"item\":\"https:\\\/\\\/syndicatelegal.com\\\/\"},{\"@type\":\"ListItem\",\"position\":2,\"name\":\"Wage Garnishments\"}]},{\"@type\":\"WebSite\",\"@id\":\"https:\\\/\\\/syndicatelegal.com\\\/#website\",\"url\":\"https:\\\/\\\/syndicatelegal.com\\\/\",\"name\":\"Bankruptcy Attorney | Car Accident Attorney | Woodland Hills Los Angeles | Syndicate Legal\",\"description\":\"\",\"publisher\":{\"@id\":\"https:\\\/\\\/syndicatelegal.com\\\/#organization\"},\"potentialAction\":[{\"@type\":\"SearchAction\",\"target\":{\"@type\":\"EntryPoint\",\"urlTemplate\":\"https:\\\/\\\/syndicatelegal.com\\\/?s={search_term_string}\"},\"query-input\":{\"@type\":\"PropertyValueSpecification\",\"valueRequired\":true,\"valueName\":\"search_term_string\"}}],\"inLanguage\":\"es\"},{\"@type\":\"Organization\",\"@id\":\"https:\\\/\\\/syndicatelegal.com\\\/#organization\",\"name\":\"Syndicatelegal\",\"url\":\"https:\\\/\\\/syndicatelegal.com\\\/\",\"logo\":{\"@type\":\"ImageObject\",\"inLanguage\":\"es\",\"@id\":\"https:\\\/\\\/syndicatelegal.com\\\/#\\\/schema\\\/logo\\\/image\\\/\",\"url\":\"https:\\\/\\\/syndicatelegal.com\\\/wp-content\\\/uploads\\\/2021\\\/07\\\/main-log.png\",\"contentUrl\":\"https:\\\/\\\/syndicatelegal.com\\\/wp-content\\\/uploads\\\/2021\\\/07\\\/main-log.png\",\"width\":300,\"height\":46,\"caption\":\"Syndicatelegal\"},\"image\":{\"@id\":\"https:\\\/\\\/syndicatelegal.com\\\/#\\\/schema\\\/logo\\\/image\\\/\"},\"sameAs\":[\"https:\\\/\\\/www.facebook.com\\\/syndicatelegal\",\"https:\\\/\\\/x.com\\\/syndicatelegal\",\"https:\\\/\\\/www.instagram.com\\\/syndicatelegal\\\/\",\"https:\\\/\\\/www.linkedin.com\\\/in\\\/bhartia\\\/\",\"https:\\\/\\\/www.youtube.com\\\/c\\\/ABhartia\"]}]}<\/script>\n<!-- \/ Yoast SEO plugin. -->","yoast_head_json":{"title":"Wage Garnishments - Bankruptcy Attorney | Car Accident Attorney | Woodland Hills Los Angeles | Syndicate Legal","robots":{"index":"index","follow":"follow","max-snippet":"max-snippet:-1","max-image-preview":"max-image-preview:large","max-video-preview":"max-video-preview:-1"},"canonical":"https:\/\/syndicatelegal.com\/es\/wage-garnishments\/","og_locale":"es_MX","og_type":"article","og_title":"Wage Garnishments - Bankruptcy Attorney | Car Accident Attorney | Woodland Hills Los Angeles | Syndicate Legal","og_url":"https:\/\/syndicatelegal.com\/es\/wage-garnishments\/","og_site_name":"Bankruptcy Attorney | Car Accident Attorney | Woodland Hills Los Angeles | Syndicate Legal","article_publisher":"https:\/\/www.facebook.com\/syndicatelegal","article_modified_time":"2021-06-21T19:44:59+00:00","twitter_card":"summary_large_image","twitter_site":"@syndicatelegal","twitter_misc":{"Tiempo de lectura":"7 minutos"},"schema":{"@context":"https:\/\/schema.org","@graph":[{"@type":"WebPage","@id":"https:\/\/syndicatelegal.com\/wage-garnishments\/","url":"https:\/\/syndicatelegal.com\/wage-garnishments\/","name":"Wage Garnishments - Bankruptcy Attorney | Car Accident Attorney | Woodland Hills Los Angeles | Syndicate Legal","isPartOf":{"@id":"https:\/\/syndicatelegal.com\/#website"},"datePublished":"2021-06-21T19:34:59+00:00","dateModified":"2021-06-21T19:44:59+00:00","breadcrumb":{"@id":"https:\/\/syndicatelegal.com\/wage-garnishments\/#breadcrumb"},"inLanguage":"es","potentialAction":[{"@type":"ReadAction","target":["https:\/\/syndicatelegal.com\/wage-garnishments\/"]}]},{"@type":"BreadcrumbList","@id":"https:\/\/syndicatelegal.com\/wage-garnishments\/#breadcrumb","itemListElement":[{"@type":"ListItem","position":1,"name":"Home","item":"https:\/\/syndicatelegal.com\/"},{"@type":"ListItem","position":2,"name":"Wage Garnishments"}]},{"@type":"WebSite","@id":"https:\/\/syndicatelegal.com\/#website","url":"https:\/\/syndicatelegal.com\/","name":"Bankruptcy Attorney | Car Accident Attorney | Woodland Hills Los Angeles | Syndicate Legal","description":"","publisher":{"@id":"https:\/\/syndicatelegal.com\/#organization"},"potentialAction":[{"@type":"SearchAction","target":{"@type":"EntryPoint","urlTemplate":"https:\/\/syndicatelegal.com\/?s={search_term_string}"},"query-input":{"@type":"PropertyValueSpecification","valueRequired":true,"valueName":"search_term_string"}}],"inLanguage":"es"},{"@type":"Organization","@id":"https:\/\/syndicatelegal.com\/#organization","name":"Syndicatelegal","url":"https:\/\/syndicatelegal.com\/","logo":{"@type":"ImageObject","inLanguage":"es","@id":"https:\/\/syndicatelegal.com\/#\/schema\/logo\/image\/","url":"https:\/\/syndicatelegal.com\/wp-content\/uploads\/2021\/07\/main-log.png","contentUrl":"https:\/\/syndicatelegal.com\/wp-content\/uploads\/2021\/07\/main-log.png","width":300,"height":46,"caption":"Syndicatelegal"},"image":{"@id":"https:\/\/syndicatelegal.com\/#\/schema\/logo\/image\/"},"sameAs":["https:\/\/www.facebook.com\/syndicatelegal","https:\/\/x.com\/syndicatelegal","https:\/\/www.instagram.com\/syndicatelegal\/","https:\/\/www.linkedin.com\/in\/bhartia\/","https:\/\/www.youtube.com\/c\/ABhartia"]}]}},"_links":{"self":[{"href":"https:\/\/syndicatelegal.com\/es\/wp-json\/wp\/v2\/pages\/551","targetHints":{"allow":["GET"]}}],"collection":[{"href":"https:\/\/syndicatelegal.com\/es\/wp-json\/wp\/v2\/pages"}],"about":[{"href":"https:\/\/syndicatelegal.com\/es\/wp-json\/wp\/v2\/types\/page"}],"author":[{"embeddable":true,"href":"https:\/\/syndicatelegal.com\/es\/wp-json\/wp\/v2\/users\/1"}],"replies":[{"embeddable":true,"href":"https:\/\/syndicatelegal.com\/es\/wp-json\/wp\/v2\/comments?post=551"}],"version-history":[{"count":0,"href":"https:\/\/syndicatelegal.com\/es\/wp-json\/wp\/v2\/pages\/551\/revisions"}],"wp:attachment":[{"href":"https:\/\/syndicatelegal.com\/es\/wp-json\/wp\/v2\/media?parent=551"}],"curies":[{"name":"wp","href":"https:\/\/api.w.org\/{rel}","templated":true}]}}