{"id":571,"date":"2021-06-22T15:53:25","date_gmt":"2021-06-22T15:53:25","guid":{"rendered":"https:\/\/syndicatelegal.com\/?page_id=571"},"modified":"2021-06-22T15:55:23","modified_gmt":"2021-06-22T15:55:23","slug":"bank-levies","status":"publish","type":"page","link":"https:\/\/syndicatelegal.com\/es\/bank-levies\/","title":{"rendered":"Banco De Grav\u00e1menes"},"content":{"rendered":"<div class=\"wpb-content-wrapper\"><div class=\"vc_row wpb_row vc_row-fluid practice-areas-page\"><div class=\"wpb_column vc_column_container vc_col-sm-12\"><div class=\"vc_column-inner\"><div class=\"wpb_wrapper\">\n\t<div class=\"wpb_text_column wpb_content_element vc_custom_1624376843589\" >\n\t\t<div class=\"wpb_wrapper\">\n\t\t\t<h2>Dejar de Banco de Grav\u00e1menes en Los \u00c1ngeles<\/h2>\n\n\t\t<\/div>\n\t<\/div>\n<div class=\"vc_separator wpb_content_element vc_separator_align_center vc_sep_width_10 vc_sep_border_width_2 vc_sep_pos_align_left vc_separator_no_text\" ><span class=\"vc_sep_holder vc_sep_holder_l\"><span style=\"border-color:#ffa300;\" class=\"vc_sep_line\"><\/span><\/span><span class=\"vc_sep_holder vc_sep_holder_r\"><span style=\"border-color:#ffa300;\" class=\"vc_sep_line\"><\/span><\/span>\n<\/div>\n\t<div class=\"wpb_text_column wpb_content_element vc_custom_1624376862940 sb-heading-inner-page\" >\n\t\t<div class=\"wpb_wrapper\">\n\t\t\t<h2>Obtener Ayuda del Banco Levy Abogado del Sindicato Legal<\/h2>\n\n\t\t<\/div>\n\t<\/div>\n\n\t<div class=\"wpb_text_column wpb_content_element\" >\n\t\t<div class=\"wpb_wrapper\">\n\t\t\t<p>Si ha activado su cuenta bancaria, s\u00f3lo para encontrar que algunos o la totalidad de su dinero hab\u00eda desaparecido de su cuenta, entonces usted puede haber tenido su cuenta de recaudaci\u00f3n.<\/p>\n\n\t\t<\/div>\n\t<\/div>\n\n\t<div class=\"wpb_text_column wpb_content_element vc_custom_1624376887101 sb-heading-inner-page\" >\n\t\t<div class=\"wpb_wrapper\">\n\t\t\t<h2>\u00bfQu\u00e9 Es Un Banco Levy?<\/h2>\n\n\t\t<\/div>\n\t<\/div>\n\n\t<div class=\"wpb_text_column wpb_content_element\" >\n\t\t<div class=\"wpb_wrapper\">\n\t\t\t<p>Un banco levy es una poderosa herramienta utilizada por los acreedores para tomar el dinero de usted si usted les debe una deuda. Banco de grav\u00e1menes son una forma popular para el Servicio de rentas Internas y otros acreedores el cobro de sus deudas.<\/p>\n<p>Sus acreedores no tienen derecho autom\u00e1tico a embargar una cuenta bancaria. El acreedor debe primero utilizado demanda contra usted para cobrar la deuda, y a continuaci\u00f3n, obtener una <a href=\"https:\/\/upsolve.org\/learn\/erase-judgments-bankruptcy\/\" target=\"_blank\" rel=\"noopener\">juicio<\/a> antes de que pueda proceder a embargar una cuenta bancaria. El IRS normalmente se env\u00eda a los numerosos avisos de la deuda tributaria antes de que se env\u00eda un Aviso de Intenci\u00f3n de recaudar. Un t\u00edpico acreedor, tales como una tarjeta de cr\u00e9dito sin embargo, generalmente no se enviar\u00e1 ning\u00fan letras previo a la imposici\u00f3n de su cuenta. Que por lo general terminan de encontrar la manera dif\u00edcil cuando vea que sus fondos est\u00e1n desaparecidos.<\/p>\n\n\t\t<\/div>\n\t<\/div>\n\n\t<div class=\"wpb_text_column wpb_content_element vc_custom_1624376918754\" >\n\t\t<div class=\"wpb_wrapper\">\n\t\t\t<h2>\u00bfQu\u00e9 Sucede Cuando Un Acreedor Pone Un Gravamen Sobre Tu Cuenta?<\/h2>\n\n\t\t<\/div>\n\t<\/div>\n\n\t<div class=\"wpb_text_column wpb_content_element\" >\n\t\t<div class=\"wpb_wrapper\">\n\t\t\t<p>Cuando un acreedor o el IRS proporciona aviso legal para el banco de su derecho a la exacci\u00f3n de su cuenta bancaria, el banco congela los fondos en su cuenta despu\u00e9s de que se emiti\u00f3 la documentaci\u00f3n adecuada por el acreedor a trav\u00e9s del Sheriff del condado. Su banco puede o no puede informar a usted antes de la congelaci\u00f3n de la cuenta para que usted pueda tratar de detener una tasa. Usted puede aprender acerca de la tasa cuando su tarjeta de d\u00e9bito no funciona o no ver el dinero ya no est\u00e1 en la cuenta. En mi experiencia, solo recibir\u00e1 un aviso del banco que su cuenta fue golpeado con una tasa despu\u00e9s de que ellos ya han recibido el dinero.<\/p>\n<p>Ciertos fondos, tales como Beneficios del seguro Social est\u00e1n protegidos, en general, sin embargo, a menudo consiguen cobradas como el banco acreedor y no se da cuenta del origen de los fondos a menos que est\u00e9n en una cuenta especialmente designada.<\/p>\n\n\t\t<\/div>\n\t<\/div>\n\n\t<div class=\"wpb_text_column wpb_content_element vc_custom_1624376945282 sb-heading-inner-page\" >\n\t\t<div class=\"wpb_wrapper\">\n\t\t\t<h2>\u00bfHay Alg\u00fan L\u00edmite A Cu\u00e1nto Se Puede Tomar?<\/h2>\n\n\t\t<\/div>\n\t<\/div>\n\n\t<div class=\"wpb_text_column wpb_content_element\" >\n\t\t<div class=\"wpb_wrapper\">\n\t\t\t<p>Lo mucho que un acreedor puede sacar de su cuenta es limitada solamente por lo mucho que les debemos. Si usted le debe al acreedor de $5,000 y su cuenta bancaria tiene s\u00f3lo $3,000 en el mismo, se puede tomar la suma total de $3,000, dejando a su cuenta de vac\u00edo. Por el contrario, si usted tiene $10,000 en su cuenta y debe el acreedor de $3.000, que se limitan a tomar s\u00f3lo $3.000 d\u00f3lares de su dinero. Esencialmente, un acreedor s\u00f3lo puede tomar tanto como sea necesario para &#034;satisfacer&#034; la deuda que usted les debe. Se puede mantener la caza de sus cuentas a trav\u00e9s de los bancos hasta que sean pagados en su totalidad.<\/p>\n<p>Tambi\u00e9n, muy importante, si su nombre est\u00e1 en la cuenta de alguien, que cuenta tambi\u00e9n, pueden ser percibidos, incluso si el dinero en la cuenta de que no es realmente tuyo. Una vez tuve un cliente que fue puesto como un firmante autorizado en otra persona es la cuenta de banco de negocios para que pudiera actuar como un administrador. Un d\u00eda acreedor recaudado todo el dinero de la cuenta, simplemente porque mi cliente era el nombre de la cuenta, aunque el dinero no era suyo. Tenga esto en cuenta si usted tiene pendiente de los acreedores y su nombre est\u00e1 sentado en las cuentas de otras personas.<\/p>\n\n\t\t<\/div>\n\t<\/div>\n\n\t<div class=\"wpb_text_column wpb_content_element vc_custom_1624377004954 sb-heading-inner-page\" >\n\t\t<div class=\"wpb_wrapper\">\n\t\t\t<h2>C\u00f3mo Puedo Detener Un Banco Levy?<\/h2>\n\n\t\t<\/div>\n\t<\/div>\n\n\t<div class=\"wpb_text_column wpb_content_element vc_custom_1624377013988\" >\n\t\t<div class=\"wpb_wrapper\">\n\t\t\t<p>Usted tiene algunas opciones para intentar detener un banco levy. Aqu\u00ed est\u00e1n algunas opciones a considerar:<\/p>\n<ol>\n<li><strong>Pagar la deuda y satisfacer al acreedor del juicio.<\/strong> A menudo esto no es factible ya que por el momento no hay un juicio, por lo que muchos de los honorarios, multas e intereses se ha incurrido, que la cantidad que inicialmente adeudados se ha cuadruplicado.<\/li>\n<li><strong> En contacto con el acreedor para intentar y hacer un plan de pago.<\/strong> A veces, un acreedor puede trabajar con usted para hacer un plan de pago, puede continuar el uso de sus cuentas, mientras que hacer pagos mensuales para el acreedor.<\/li>\n<li><strong> Probar que los fondos en la cuenta de que est\u00e1n protegidos.<\/strong> Ciertas dinero en una cuenta no puede ser objeto de un banco levy. Pagos de la Seguridad Social, federales pago de las pensiones y los pagos de manutenci\u00f3n son generalmente protegido del banco de impuestos. Si estos fondos en sentarse en una cuenta normal sin embargo, todav\u00eda puede ser objeto de gravamen, lo que oblig\u00f3 a presentar un Reclamo de Exenci\u00f3n para intentar recuperar los fondos.<\/li>\n<\/ol>\n<p>Si ninguna de estas opciones se aplican a sus situaciones y realmente debe la deuda, la mejor manera de detener a un gravamen puede ser la de presentar un Cap\u00edtulo 7 o Cap\u00edtulo 13 de bancarrota.<\/p>\n\n\t\t<\/div>\n\t<\/div>\n\n\t<div class=\"wpb_text_column wpb_content_element vc_custom_1624377026946\" >\n\t\t<div class=\"wpb_wrapper\">\n\t\t\t<h2>Puede el Cap\u00edtulo 7 o 13 de Bancarrota Detener Un Banco Levy?<\/h2>\n\n\t\t<\/div>\n\t<\/div>\n\n\t<div class=\"wpb_text_column wpb_content_element vc_custom_1624377077069\" >\n\t\t<div class=\"wpb_wrapper\">\n\t\t\t<p class=\"sc-fotpbf\" style=\"text-align: justify;\"><b>S\u00ed!<\/b> Una vez que un caso de bancarrota ha sido presentada, la suspensi\u00f3n autom\u00e1tica de prohibir la continuaci\u00f3n de cualquier banco levy y el dinero que est\u00e1 en sus cuentas deben ser protegidos.<\/p>\n<h3>\u00bfQu\u00e9 Es Una Suspensi\u00f3n Autom\u00e1tica?<\/h3>\n<p>Si usted est\u00e1 luchando para pagar una cantidad sustancial de la deuda, entonces usted probablemente ha considerado la quiebra. Mientras que esto puede ser intimidante tema, la verdad es que la bancarrota existe para ayudar a los que luchan por los individuos volver sobre sus pies. Cap\u00edtulo 7 de bancarrota tiene diferentes aspectos, construido en el que aliviar la carga de la deuda y dar una segunda oportunidad a la libertad financiera. La primera forma en que la bancarrota ofrece alivio es autom\u00e1tica a trav\u00e9s de la estancia.<\/p>\n<p>La suspensi\u00f3n autom\u00e1tica significa que para la duraci\u00f3n de la presentaci\u00f3n de la quiebra, ninguno de sus acreedores se les permit\u00eda continuar con sus deudas. Esto incluye a los acreedores, agencias de cobro, y entidades de gobierno. No m\u00e1s llamadas telef\u00f3nicas, cartas o mensajes de correo electr\u00f3nico y, definitivamente, no m\u00e1s el embargo de salario (excepto para el apoyo interno de las obligaciones). Ellos no pueden tomar ninguna acci\u00f3n contra usted debido a su deuda. Tan pronto como usted env\u00eda su petici\u00f3n de bancarrota, la corte le enviar\u00e1 una notificaci\u00f3n a cada uno de sus acreedores y les informamos que usted present\u00f3, y acerca de los l\u00edmites que les impone la estancia.<\/p>\n<h3>Alivio de los Acreedores y Deudas<\/h3>\n<p>Casi todas las formas de embargo de salario se detuvo por una suspensi\u00f3n autom\u00e1tica. Incluso si usted tiene m\u00faltiples acreedores de hacer cumplir el embargo de salario de sus cheques de pago, que normalmente se puede detener mediante la presentaci\u00f3n de bancarrota del Cap\u00edtulo 7 y, a continuaci\u00f3n, borrar\u00e1 si recibe una descarga. La presentaci\u00f3n de la quiebra no s\u00f3lo de resolver de forma temporal su embargo de salario problemas, pero potencialmente erradicarlas por completo. En una bancarrota del Cap\u00edtulo 13, usted puede pagar una peque\u00f1a parte, o la totalidad de la periferia de la deuda de regreso al acreedor, sin embargo, ser\u00e1 administrado a trav\u00e9s del Plan del Cap\u00edtulo 13 y difundido a trav\u00e9s de muchos meses. Al menos en este escenario, usted tendr\u00e1 m\u00e1s control de c\u00f3mo el acreedor es pagado sin tener que preocuparse de sus cuentas eliminadas.<\/p>\n\n\t\t<\/div>\n\t<\/div>\n\n\t<div class=\"wpb_text_column wpb_content_element vc_custom_1624377091770 sb-heading-inner-page\" >\n\t\t<div class=\"wpb_wrapper\">\n\t\t\t<h2>Excepciones a la suspensi\u00f3n Autom\u00e1tica<\/h2>\n\n\t\t<\/div>\n\t<\/div>\n\n\t<div class=\"wpb_text_column wpb_content_element vc_custom_1624377106324\" >\n\t\t<div class=\"wpb_wrapper\">\n\t\t\t<p class=\"sc-fotpbf\" style=\"text-align: justify;\">Es importante tener en cuenta, sin embargo, que no todas las formas de embargo de salario se puede detener a trav\u00e9s de una suspensi\u00f3n autom\u00e1tica. A veces esto depende del tipo de deuda, otras veces depende de c\u00f3mo muchas veces usted se ha declarado en bancarrota en el pasado reciente.<\/p>\n<h3 style=\"text-align: justify;\">El Apoyo Interno De Las Obligaciones<\/h3>\n<p class=\"sc-fotpbf\" style=\"text-align: justify;\">Estos embargos est\u00e1n protegidos por la ley, y por lo tanto no puede ser eliminado por cualquier otra raz\u00f3n de un cambio en sus circunstancias internas. As\u00ed que si este tipo de embargo de salario es la \u00fanica raz\u00f3n por la que tenemos para la b\u00fasqueda de la bancarrota, usted debe buscar en otras soluciones.<\/p>\n<h3 style=\"text-align: justify;\">M\u00faltiples Solicitudes De Quiebra<\/h3>\n<p class=\"sc-fotpbf\" style=\"text-align: justify;\">Si usted present\u00f3 una declaraci\u00f3n de bancarrota en los \u00faltimos a\u00f1os y que hab\u00eda despedido a su caso, su suspensi\u00f3n s\u00f3lo tendr\u00e1 efecto durante 30 d\u00edas. Usted puede pedirle a la corte para extender este periodo de tiempo, tanto tiempo como usted puede probar que la primera presentaci\u00f3n fue en buena fe (lo que significa que usted realmente cre\u00eda que iba a ser aprobada por la quiebra, y no simplemente la presentaci\u00f3n de mantener a raya a los acreedores).<\/p>\n<p class=\"sc-fotpbf\" style=\"text-align: justify;\">A lo largo de la misma l\u00ednea, si usted present\u00f3 una declaraci\u00f3n de bancarrota dos veces en el \u00faltimo a\u00f1o y vaya a archivo por tercera vez, no se le otorgar\u00e1 una suspensi\u00f3n autom\u00e1tica. La raz\u00f3n de estas reglas es evitar que las personas abusen de la suspensi\u00f3n autom\u00e1tica. Sin estas reglas, los deudores pod\u00edan declararse en quiebra una indefinida cantidad de veces para evitar pagar sus deudas. Usted puede pedirle a la corte para instaurar un sistema autom\u00e1tico de permanecer en su tercera presentaci\u00f3n, una vez m\u00e1s, demostrando que los dos anteriores presentaciones fueron hechas de buena fe.<\/p>\n\n\t\t<\/div>\n\t<\/div>\n\n\t<div class=\"wpb_text_column wpb_content_element vc_custom_1624377157304 sb-heading-inner-page\" >\n\t\t<div class=\"wpb_wrapper\">\n\t\t\t<h2>\u00bfQu\u00e9 Pasa Despu\u00e9s De Su Bancarrota Es M\u00e1s?<\/h2>\n\n\t\t<\/div>\n\t<\/div>\n\n\t<div class=\"wpb_text_column wpb_content_element vc_custom_1624377168331\" >\n\t\t<div class=\"wpb_wrapper\">\n\t\t\t<p class=\"sc-fotpbf\" style=\"text-align: justify;\">Mientras que una suspensi\u00f3n autom\u00e1tica proporciona un gran alivio de la presi\u00f3n de embargo de salario, no es una permanente sostener contra sus acreedores. Una vez que la declaraci\u00f3n de quiebra es completa, se pierde la protecci\u00f3n de la suspensi\u00f3n autom\u00e1tica. Sin embargo, su alta le proteger\u00e1 de las acciones de los acreedores para la mayor\u00eda, si no todos, de sus deudas. Si su salario era llegar embargado por una factura de tarjeta de cr\u00e9dito, deficiencia de equilibrio despu\u00e9s de una recuperaci\u00f3n de la posesi\u00f3n, o el m\u00e9dico de la deuda y no para un no descargables de la deuda, el embargo no puede empezar de nuevo despu\u00e9s de que su caso est\u00e1 cerrado.<\/p>\n<p class=\"sc-fotpbf\" style=\"text-align: justify;\">Si usted est\u00e1 encontrando dificultades financieras como resultado de los embargos de salarios, la presentaci\u00f3n del Cap\u00edtulo 7 de bancarrota puede ser la mejor manera para resolver el problema. No s\u00f3lo va a detener su embargos por un corto per\u00edodo de tiempo, pero tiene el probable potencial de eliminar las deudas por completo.<\/p>\n\n\t\t<\/div>\n\t<\/div>\n\n\t<div class=\"wpb_text_column wpb_content_element vc_custom_1624377182682\" >\n\t\t<div class=\"wpb_wrapper\">\n\t\t\t<p><strong>Tome el Primer Paso: ll\u00e1menos hoy para su consulta gratuita para ver si usted califica para el Cap\u00edtulo 7 o 13. No hay ning\u00fan cargo por la llamada y estamos encantados de proporcionar opciones.<\/strong><\/p>\n\n\t\t<\/div>\n\t<\/div>\n\n\t<div class=\"wpb_text_column wpb_content_element vc_custom_1624377202098\" >\n\t\t<div class=\"wpb_wrapper\">\n\t\t\t<p style=\"text-align: center;\"><strong>Nunca pagar una tarifa para hablar con un abogado. CONSULTAS GRATIS!<\/strong><br \/>\n<strong>Llame las 24 horas del d\u00eda, los 7 d\u00edas de la semana por el Banco de impuestos.<\/strong><br \/>\n<strong>DISPONIBLE 24\/7, los 365 d\u00edas del a\u00f1o por el Banco de impuestos.<\/strong><br \/>\n<strong>Llame ahora \u2013 <a href=\"tel:1-8885526272\">1-888-552-6272<\/a><\/strong><\/p>\n\n\t\t<\/div>\n\t<\/div>\n<\/div><\/div><\/div><\/div>\n<\/div>","protected":false},"excerpt":{"rendered":"Stop Bank Levies in Los Angeles Get Help from the Bank Levy Attorney at Syndicate Legal If you checked your","protected":false},"author":1,"featured_media":0,"parent":0,"menu_order":0,"comment_status":"closed","ping_status":"closed","template":"","meta":{"nf_dc_page":"","footnotes":""},"class_list":["post-571","page","type-page","status-publish","hentry"],"yoast_head":"<!-- This site is optimized with the Yoast SEO plugin v27.4 - https:\/\/yoast.com\/product\/yoast-seo-wordpress\/ -->\n<title>Bank Levies - Bankruptcy Attorney | Car Accident Attorney | Woodland Hills Los Angeles | Syndicate Legal<\/title>\n<meta name=\"robots\" content=\"index, follow, max-snippet:-1, max-image-preview:large, max-video-preview:-1\" \/>\n<link rel=\"canonical\" href=\"https:\/\/syndicatelegal.com\/es\/bank-levies\/\" \/>\n<meta property=\"og:locale\" content=\"es_MX\" \/>\n<meta property=\"og:type\" content=\"article\" \/>\n<meta property=\"og:title\" content=\"Bank Levies - Bankruptcy Attorney | Car Accident Attorney | Woodland Hills Los Angeles | Syndicate Legal\" \/>\n<meta property=\"og:url\" content=\"https:\/\/syndicatelegal.com\/es\/bank-levies\/\" \/>\n<meta property=\"og:site_name\" content=\"Bankruptcy Attorney | Car Accident Attorney | Woodland Hills Los Angeles | Syndicate Legal\" \/>\n<meta property=\"article:publisher\" content=\"https:\/\/www.facebook.com\/syndicatelegal\" \/>\n<meta property=\"article:modified_time\" content=\"2021-06-22T15:55:23+00:00\" \/>\n<meta name=\"twitter:card\" content=\"summary_large_image\" \/>\n<meta name=\"twitter:site\" content=\"@syndicatelegal\" \/>\n<meta name=\"twitter:label1\" content=\"Tiempo de lectura\" \/>\n\t<meta name=\"twitter:data1\" content=\"9 minutos\" \/>\n<script type=\"application\/ld+json\" class=\"yoast-schema-graph\">{\"@context\":\"https:\\\/\\\/schema.org\",\"@graph\":[{\"@type\":\"WebPage\",\"@id\":\"https:\\\/\\\/syndicatelegal.com\\\/es\\\/bank-levies\\\/\",\"url\":\"https:\\\/\\\/syndicatelegal.com\\\/es\\\/bank-levies\\\/\",\"name\":\"Bank Levies - Bankruptcy Attorney | Car Accident Attorney | Woodland Hills Los Angeles | Syndicate Legal\",\"isPartOf\":{\"@id\":\"https:\\\/\\\/syndicatelegal.com\\\/#website\"},\"datePublished\":\"2021-06-22T15:53:25+00:00\",\"dateModified\":\"2021-06-22T15:55:23+00:00\",\"breadcrumb\":{\"@id\":\"https:\\\/\\\/syndicatelegal.com\\\/es\\\/bank-levies\\\/#breadcrumb\"},\"inLanguage\":\"es\",\"potentialAction\":[{\"@type\":\"ReadAction\",\"target\":[\"https:\\\/\\\/syndicatelegal.com\\\/es\\\/bank-levies\\\/\"]}]},{\"@type\":\"BreadcrumbList\",\"@id\":\"https:\\\/\\\/syndicatelegal.com\\\/es\\\/bank-levies\\\/#breadcrumb\",\"itemListElement\":[{\"@type\":\"ListItem\",\"position\":1,\"name\":\"Home\",\"item\":\"https:\\\/\\\/syndicatelegal.com\\\/\"},{\"@type\":\"ListItem\",\"position\":2,\"name\":\"Bank Levies\"}]},{\"@type\":\"WebSite\",\"@id\":\"https:\\\/\\\/syndicatelegal.com\\\/#website\",\"url\":\"https:\\\/\\\/syndicatelegal.com\\\/\",\"name\":\"Bankruptcy Attorney | Car Accident Attorney | Woodland Hills Los Angeles | Syndicate Legal\",\"description\":\"\",\"publisher\":{\"@id\":\"https:\\\/\\\/syndicatelegal.com\\\/#organization\"},\"potentialAction\":[{\"@type\":\"SearchAction\",\"target\":{\"@type\":\"EntryPoint\",\"urlTemplate\":\"https:\\\/\\\/syndicatelegal.com\\\/?s={search_term_string}\"},\"query-input\":{\"@type\":\"PropertyValueSpecification\",\"valueRequired\":true,\"valueName\":\"search_term_string\"}}],\"inLanguage\":\"es\"},{\"@type\":\"Organization\",\"@id\":\"https:\\\/\\\/syndicatelegal.com\\\/#organization\",\"name\":\"Syndicatelegal\",\"url\":\"https:\\\/\\\/syndicatelegal.com\\\/\",\"logo\":{\"@type\":\"ImageObject\",\"inLanguage\":\"es\",\"@id\":\"https:\\\/\\\/syndicatelegal.com\\\/#\\\/schema\\\/logo\\\/image\\\/\",\"url\":\"https:\\\/\\\/syndicatelegal.com\\\/wp-content\\\/uploads\\\/2021\\\/07\\\/main-log.png\",\"contentUrl\":\"https:\\\/\\\/syndicatelegal.com\\\/wp-content\\\/uploads\\\/2021\\\/07\\\/main-log.png\",\"width\":300,\"height\":46,\"caption\":\"Syndicatelegal\"},\"image\":{\"@id\":\"https:\\\/\\\/syndicatelegal.com\\\/#\\\/schema\\\/logo\\\/image\\\/\"},\"sameAs\":[\"https:\\\/\\\/www.facebook.com\\\/syndicatelegal\",\"https:\\\/\\\/x.com\\\/syndicatelegal\",\"https:\\\/\\\/www.instagram.com\\\/syndicatelegal\\\/\",\"https:\\\/\\\/www.linkedin.com\\\/in\\\/bhartia\\\/\",\"https:\\\/\\\/www.youtube.com\\\/c\\\/ABhartia\"]}]}<\/script>\n<!-- \/ Yoast SEO plugin. -->","yoast_head_json":{"title":"Bank Levies - Bankruptcy Attorney | Car Accident Attorney | Woodland Hills Los Angeles | Syndicate Legal","robots":{"index":"index","follow":"follow","max-snippet":"max-snippet:-1","max-image-preview":"max-image-preview:large","max-video-preview":"max-video-preview:-1"},"canonical":"https:\/\/syndicatelegal.com\/es\/bank-levies\/","og_locale":"es_MX","og_type":"article","og_title":"Bank Levies - Bankruptcy Attorney | Car Accident Attorney | Woodland Hills Los Angeles | Syndicate Legal","og_url":"https:\/\/syndicatelegal.com\/es\/bank-levies\/","og_site_name":"Bankruptcy Attorney | Car Accident Attorney | Woodland Hills Los Angeles | Syndicate Legal","article_publisher":"https:\/\/www.facebook.com\/syndicatelegal","article_modified_time":"2021-06-22T15:55:23+00:00","twitter_card":"summary_large_image","twitter_site":"@syndicatelegal","twitter_misc":{"Tiempo de lectura":"9 minutos"},"schema":{"@context":"https:\/\/schema.org","@graph":[{"@type":"WebPage","@id":"https:\/\/syndicatelegal.com\/es\/bank-levies\/","url":"https:\/\/syndicatelegal.com\/es\/bank-levies\/","name":"Bank Levies - Bankruptcy Attorney | Car Accident Attorney | Woodland Hills Los Angeles | Syndicate Legal","isPartOf":{"@id":"https:\/\/syndicatelegal.com\/#website"},"datePublished":"2021-06-22T15:53:25+00:00","dateModified":"2021-06-22T15:55:23+00:00","breadcrumb":{"@id":"https:\/\/syndicatelegal.com\/es\/bank-levies\/#breadcrumb"},"inLanguage":"es","potentialAction":[{"@type":"ReadAction","target":["https:\/\/syndicatelegal.com\/es\/bank-levies\/"]}]},{"@type":"BreadcrumbList","@id":"https:\/\/syndicatelegal.com\/es\/bank-levies\/#breadcrumb","itemListElement":[{"@type":"ListItem","position":1,"name":"Home","item":"https:\/\/syndicatelegal.com\/"},{"@type":"ListItem","position":2,"name":"Bank Levies"}]},{"@type":"WebSite","@id":"https:\/\/syndicatelegal.com\/#website","url":"https:\/\/syndicatelegal.com\/","name":"Bankruptcy Attorney | Car Accident Attorney | Woodland Hills Los Angeles | Syndicate Legal","description":"","publisher":{"@id":"https:\/\/syndicatelegal.com\/#organization"},"potentialAction":[{"@type":"SearchAction","target":{"@type":"EntryPoint","urlTemplate":"https:\/\/syndicatelegal.com\/?s={search_term_string}"},"query-input":{"@type":"PropertyValueSpecification","valueRequired":true,"valueName":"search_term_string"}}],"inLanguage":"es"},{"@type":"Organization","@id":"https:\/\/syndicatelegal.com\/#organization","name":"Syndicatelegal","url":"https:\/\/syndicatelegal.com\/","logo":{"@type":"ImageObject","inLanguage":"es","@id":"https:\/\/syndicatelegal.com\/#\/schema\/logo\/image\/","url":"https:\/\/syndicatelegal.com\/wp-content\/uploads\/2021\/07\/main-log.png","contentUrl":"https:\/\/syndicatelegal.com\/wp-content\/uploads\/2021\/07\/main-log.png","width":300,"height":46,"caption":"Syndicatelegal"},"image":{"@id":"https:\/\/syndicatelegal.com\/#\/schema\/logo\/image\/"},"sameAs":["https:\/\/www.facebook.com\/syndicatelegal","https:\/\/x.com\/syndicatelegal","https:\/\/www.instagram.com\/syndicatelegal\/","https:\/\/www.linkedin.com\/in\/bhartia\/","https:\/\/www.youtube.com\/c\/ABhartia"]}]}},"_links":{"self":[{"href":"https:\/\/syndicatelegal.com\/es\/wp-json\/wp\/v2\/pages\/571","targetHints":{"allow":["GET"]}}],"collection":[{"href":"https:\/\/syndicatelegal.com\/es\/wp-json\/wp\/v2\/pages"}],"about":[{"href":"https:\/\/syndicatelegal.com\/es\/wp-json\/wp\/v2\/types\/page"}],"author":[{"embeddable":true,"href":"https:\/\/syndicatelegal.com\/es\/wp-json\/wp\/v2\/users\/1"}],"replies":[{"embeddable":true,"href":"https:\/\/syndicatelegal.com\/es\/wp-json\/wp\/v2\/comments?post=571"}],"version-history":[{"count":0,"href":"https:\/\/syndicatelegal.com\/es\/wp-json\/wp\/v2\/pages\/571\/revisions"}],"wp:attachment":[{"href":"https:\/\/syndicatelegal.com\/es\/wp-json\/wp\/v2\/media?parent=571"}],"curies":[{"name":"wp","href":"https:\/\/api.w.org\/{rel}","templated":true}]}}